{"id":199,"date":"2025-10-09T10:22:17","date_gmt":"2025-10-09T08:22:17","guid":{"rendered":"https:\/\/www.alpenfirn.ch.copernicus.sui-inter.net\/?page_id=199"},"modified":"2026-01-15T13:56:13","modified_gmt":"2026-01-15T12:56:13","slug":"ferienwohnung-alpenfirn-preise","status":"publish","type":"page","link":"https:\/\/www.alpenfirn.ch\/en\/ferienwohnung-alpenfirn-preise\/","title":{"rendered":"Ferienwohnung &#8211; Preise"},"content":{"rendered":"<p>[et_pb_section fb_built=&#187;1&#8243; _builder_version=&#187;4.27.5&#8243; _module_preset=&#187;default&#187; background_image=&#187;https:\/\/www.alpenfirn.ch\/wp-content\/uploads\/2025\/10\/haus-alpenfirn-aussen-winternacht.webp&#187; background_position=&#187;top_center&#187; background_vertical_offset=&#187;39%&#187; height=&#187;35vh&#187; height_tablet=&#187;60vh&#187; height_phone=&#187;50vh&#187; height_last_edited=&#187;on|phone&#187; border_width_bottom=&#187;8px&#187; border_color_bottom=&#187;#FFFFFF&#187; global_colors_info=&#187;{}&#187;][et_pb_row _builder_version=&#187;4.27.4&#8243; _module_preset=&#187;default&#187; min_height=&#187;100%&#187; custom_margin=&#187;||||false|false&#187; custom_css_main_element=&#187;display:flex;||justify-content:center;||align-items:center;&#187; global_colors_info=&#187;{}&#187;][et_pb_column type=&#187;4_4&#8243; _builder_version=&#187;4.27.4&#8243; _module_preset=&#187;default&#187; global_colors_info=&#187;{}&#187;][et_pb_text _builder_version=&#187;4.27.4&#8243; _module_preset=&#187;default&#187; text_font=&#187;|600|||||||&#187; text_text_color=&#187;#FFFFFF&#187; text_font_size=&#187;60px&#187; text_line_height=&#187;1.1em&#187; text_orientation=&#187;center&#187; custom_margin=&#187;||0px||false|false&#187; custom_padding=&#187;||0px||false|false&#187; text_font_size_tablet=&#187;60px&#187; text_font_size_phone=&#187;45px&#187; text_font_size_last_edited=&#187;on|phone&#187; text_text_shadow_style=&#187;preset1&#8243; text_text_shadow_horizontal_length=&#187;0.04em&#187; text_text_shadow_vertical_length=&#187;0.06em&#187; text_text_shadow_blur_strength=&#187;0.07em&#187; global_colors_info=&#187;{}&#187;]<\/p>\n<p>Ferienwohnung Alpenfirn<\/p>\n<p>[\/et_pb_text][et_pb_text _builder_version=&#187;4.27.4&#8243; _module_preset=&#187;default&#187; text_font=&#187;|600|||||||&#187; text_text_color=&#187;#FFFFFF&#187; text_font_size=&#187;42px&#187; text_line_height=&#187;1.1em&#187; text_orientation=&#187;center&#187; custom_margin=&#187;10px||||false|false&#187; custom_padding=&#187;10px||||false|false&#187; text_font_size_tablet=&#187;42px&#187; text_font_size_phone=&#187;25px&#187; text_font_size_last_edited=&#187;on|phone&#187; text_text_shadow_style=&#187;preset1&#8243; text_text_shadow_horizontal_length=&#187;0.04em&#187; text_text_shadow_vertical_length=&#187;0.06em&#187; text_text_shadow_blur_strength=&#187;0.07em&#187; global_colors_info=&#187;{}&#187;]<\/p>\n<p>Preiseliste<\/p>\n<p>[\/et_pb_text][\/et_pb_column][\/et_pb_row][et_pb_row _builder_version=&#187;4.27.4&#8243; _module_preset=&#187;default&#187; global_colors_info=&#187;{}&#187;][et_pb_column type=&#187;4_4&#8243; _builder_version=&#187;4.27.4&#8243; _module_preset=&#187;default&#187; global_colors_info=&#187;{}&#187;][\/et_pb_column][\/et_pb_row][\/et_pb_section][et_pb_section fb_built=&#187;1&#8243; custom_padding_last_edited=&#187;on|phone&#187; _builder_version=&#187;4.27.4&#8243; _module_preset=&#187;default&#187; background_color=&#187;#f5f0e9&#8243; custom_padding_tablet=&#187;&#187; custom_padding_phone=&#187;||0px||false|false&#187; global_colors_info=&#187;{}&#187;][et_pb_row _builder_version=&#187;4.27.4&#8243; _module_preset=&#187;default&#187; global_colors_info=&#187;{}&#187;][et_pb_column type=&#187;4_4&#8243; _builder_version=&#187;4.27.4&#8243; _module_preset=&#187;default&#187; global_colors_info=&#187;{}&#187;][et_pb_text _builder_version=&#187;4.27.4&#8243; _module_preset=&#187;default&#187; text_text_color=&#187;#3b1806&#8243; text_font_size=&#187;18px&#187; text_line_height=&#187;1.4em&#187; header_2_font=&#187;|600|||||||&#187; header_2_text_color=&#187;#3b1806&#8243; header_2_font_size=&#187;32px&#187; header_2_line_height=&#187;1.2em&#187; text_orientation=&#187;center&#187; custom_padding=&#187;0px||||false|false&#187; global_colors_info=&#187;{}&#187;]<\/p>\n<h2>Unsere Preise<\/h2>\n<p>Unsere attraktiven Preise \u2013 transparent und fair, f\u00fcr unvergessliche Ferientage.<\/p>\n<p>[\/et_pb_text][\/et_pb_column][\/et_pb_row][\/et_pb_section][et_pb_section fb_built=&#187;1&#8243; _builder_version=&#187;4.27.4&#8243; _module_preset=&#187;default&#187; global_colors_info=&#187;{}&#187;][et_pb_row _builder_version=&#187;4.27.4&#8243; _module_preset=&#187;default&#187; global_colors_info=&#187;{}&#187;][et_pb_column type=&#187;4_4&#8243; _builder_version=&#187;4.27.4&#8243; _module_preset=&#187;default&#187; global_colors_info=&#187;{}&#187;][et_pb_code _builder_version=&#187;4.27.4&#8243; _module_preset=&#187;default&#187; global_colors_info=&#187;{}&#187;] <\/p>\n<div id=\"pricesFrame\"><\/div>\n<p><!-- [et_pb_line_break_holder] --> <script type=\"text\/javascript\" src=\"\/\/www.easy-booking.at\/ebPlugins\/prices\/jquery.easybooking.pricelist.v2.js\"><\/script><!-- [et_pb_line_break_holder] --> <script type=\"text\/javascript\"><!-- [et_pb_line_break_holder] --> function ebPricesLoadedCheck() {<!-- [et_pb_line_break_holder] --> \tif(typeof jQuery != \"undefined\") {<!-- [et_pb_line_break_holder] --> \t\tif(jQuery.fn.ebPricelist) {<!-- [et_pb_line_break_holder] --> \t\t\tjQuery(\"#pricesFrame\").ebPricelist({<!-- [et_pb_line_break_holder] --> \t\t\t\tcustomerId: 1975,<!-- [et_pb_line_break_holder] --> \t\t\t\tserialNo: \"9038-2364-9108\",<!-- [et_pb_line_break_holder] --> \t\t\t\tlocaleId: 2,<!-- [et_pb_line_break_holder] --> \t\t\t\tloadCSS : true,<!-- [et_pb_line_break_holder] --> \t\t\t\tarrivalDate : \"\",<!-- [et_pb_line_break_holder] --> \t\t\t\tcategory : \"all\",<!-- [et_pb_line_break_holder] --> \t\t\t\tshowAvailability: true,<!-- [et_pb_line_break_holder] --> \t\t\t\tenquiryPage : \"popup\",<!-- [et_pb_line_break_holder] --> \t\t\t\tbookingPage : \"popup\",<!-- [et_pb_line_break_holder] --> \t\t\t\tbookingEngine: 2<!-- [et_pb_line_break_holder] --> \t\t\t});<!-- [et_pb_line_break_holder] --> \t\t} else{setTimeout(ebPricesLoadedCheck,200);}<!-- [et_pb_line_break_holder] --> \t}else{setTimeout(ebPricesLoadedCheck,200);}<!-- [et_pb_line_break_holder] --> }<!-- [et_pb_line_break_holder] --> ebPricesLoadedCheck();<!-- [et_pb_line_break_holder] --> <\/script><!-- [et_pb_line_break_holder] --> [\/et_pb_code][\/et_pb_column][\/et_pb_row][\/et_pb_section][et_pb_section fb_built=&#187;1&#8243; _builder_version=&#187;4.27.4&#8243; _module_preset=&#187;default&#187; background_color=&#187;#F5F0E9&#8243; global_colors_info=&#187;{}&#187;][et_pb_row _builder_version=&#187;4.27.4&#8243; _module_preset=&#187;default&#187; global_colors_info=&#187;{}&#187;][et_pb_column type=&#187;4_4&#8243; _builder_version=&#187;4.27.4&#8243; _module_preset=&#187;default&#187; global_colors_info=&#187;{}&#187;][et_pb_text _builder_version=&#187;4.27.5&#8243; _module_preset=&#187;default&#187; text_text_color=&#187;#3b1806&#8243; text_font_size=&#187;18px&#187; text_line_height=&#187;1.4em&#187; header_2_font=&#187;|600|||||||&#187; header_2_text_color=&#187;#3b1806&#8243; header_2_font_size=&#187;32px&#187; header_2_line_height=&#187;1.2em&#187; custom_padding=&#187;0px||||false|false&#187; hover_enabled=&#187;0&#8243; global_colors_info=&#187;{}&#187; sticky_enabled=&#187;0&#8243;]<\/p>\n<p><strong>Im Preis inbegriffen sind:<\/strong><br \/>Bett- und Frottierw\u00e4sche, K\u00fcchent\u00fccher sowie Strom, Licht, Wasser, Heizung, KabelTV, WiFi<\/p>\n<p><strong>Zus\u00e4tzliche Kosten:<\/strong><br \/>Kurtaxe inklusive SaastalCard<\/p>\n<p>Kurtaxe Sommer pro Nacht:<br \/>CHF 7.00 f\u00fcr Erwachsene \/ CHF 3.50 f\u00fcr Kinder (6-16 Jahre)<\/p>\n<p>Kurtaxe Winter pro Nacht:<br \/>CHF 4.50 f\u00fcr Erwachsene \/ CHF 2.25 f\u00fcr Kinder (6-16 Jahre)<\/p>\n<p><strong>Endreinigung:<\/strong><br \/>CHF 100.00 \/ Aufenthalt<\/p>\n<p>[\/et_pb_text][\/et_pb_column][\/et_pb_row][\/et_pb_section]<\/p>\n","protected":false},"excerpt":{"rendered":"<p>Ferienwohnung AlpenfirnPreiselisteUnsere Preise Unsere attraktiven Preise \u2013 transparent und fair, f\u00fcr unvergessliche Ferientage.Im Preis inbegriffen sind:Bett- und Frottierw\u00e4sche, K\u00fcchent\u00fccher sowie Strom, Licht, Wasser, Heizung, KabelTV, WiFi Zus\u00e4tzliche Kosten:Kurtaxe inklusive SaastalCard Kurtaxe Sommer pro Nacht:CHF 7.00 f\u00fcr Erwachsene \/ CHF 3.50 f\u00fcr Kinder (6-16 Jahre) Kurtaxe Winter pro Nacht:CHF 4.50 f\u00fcr Erwachsene \/ CHF 2.25 f\u00fcr [&hellip;]<\/p>\n","protected":false},"author":1,"featured_media":0,"parent":0,"menu_order":0,"comment_status":"closed","ping_status":"closed","template":"","meta":{"_et_pb_use_builder":"on","_et_pb_old_content":"","_et_gb_content_width":"","inline_featured_image":false,"footnotes":""},"class_list":["post-199","page","type-page","status-publish","hentry"],"_links":{"self":[{"href":"https:\/\/www.alpenfirn.ch\/en\/wp-json\/wp\/v2\/pages\/199","targetHints":{"allow":["GET"]}}],"collection":[{"href":"https:\/\/www.alpenfirn.ch\/en\/wp-json\/wp\/v2\/pages"}],"about":[{"href":"https:\/\/www.alpenfirn.ch\/en\/wp-json\/wp\/v2\/types\/page"}],"author":[{"embeddable":true,"href":"https:\/\/www.alpenfirn.ch\/en\/wp-json\/wp\/v2\/users\/1"}],"replies":[{"embeddable":true,"href":"https:\/\/www.alpenfirn.ch\/en\/wp-json\/wp\/v2\/comments?post=199"}],"version-history":[{"count":6,"href":"https:\/\/www.alpenfirn.ch\/en\/wp-json\/wp\/v2\/pages\/199\/revisions"}],"predecessor-version":[{"id":656,"href":"https:\/\/www.alpenfirn.ch\/en\/wp-json\/wp\/v2\/pages\/199\/revisions\/656"}],"wp:attachment":[{"href":"https:\/\/www.alpenfirn.ch\/en\/wp-json\/wp\/v2\/media?parent=199"}],"curies":[{"name":"wp","href":"https:\/\/api.w.org\/{rel}","templated":true}]}}