{"id":207,"date":"2025-10-09T10:22:52","date_gmt":"2025-10-09T08:22:52","guid":{"rendered":"https:\/\/www.alpenfirn.ch.copernicus.sui-inter.net\/?page_id=207"},"modified":"2025-12-16T15:52:34","modified_gmt":"2025-12-16T14:52:34","slug":"ferienwohnung-verfuegbarkeit","status":"publish","type":"page","link":"https:\/\/www.alpenfirn.ch\/en\/ferienwohnung-verfuegbarkeit\/","title":{"rendered":"Ferienwohnung &#8211; Verf\u00fcgbarkeit"},"content":{"rendered":"<p>[et_pb_section fb_built=&#187;1&#8243; _builder_version=&#187;4.27.5&#8243; _module_preset=&#187;default&#187; background_image=&#187;https:\/\/www.alpenfirn.ch\/wp-content\/uploads\/2025\/10\/haus-alpenfirn-aussen-winternacht.webp&#187; background_position=&#187;top_center&#187; background_vertical_offset=&#187;39%&#187; height=&#187;35vh&#187; height_tablet=&#187;60vh&#187; height_phone=&#187;50vh&#187; height_last_edited=&#187;on|phone&#187; hover_enabled=&#187;0&#8243; border_width_bottom=&#187;8px&#187; border_color_bottom=&#187;#FFFFFF&#187; global_colors_info=&#187;{}&#187; title_text=&#187;haus-alpenfirn-aussen-winternacht&#187; sticky_enabled=&#187;0&#8243;][et_pb_row _builder_version=&#187;4.27.4&#8243; _module_preset=&#187;default&#187; min_height=&#187;100%&#187; custom_margin=&#187;||||false|false&#187; custom_css_main_element=&#187;display:flex;||justify-content:center;||align-items:center;&#187; global_colors_info=&#187;{}&#187;][et_pb_column type=&#187;4_4&#8243; _builder_version=&#187;4.27.4&#8243; _module_preset=&#187;default&#187; global_colors_info=&#187;{}&#187;][et_pb_text _builder_version=&#187;4.27.4&#8243; _module_preset=&#187;default&#187; text_font=&#187;|600|||||||&#187; text_text_color=&#187;#FFFFFF&#187; text_font_size=&#187;60px&#187; text_line_height=&#187;1.1em&#187; text_orientation=&#187;center&#187; custom_margin=&#187;||0px||false|false&#187; custom_padding=&#187;||0px||false|false&#187; text_font_size_tablet=&#187;60px&#187; text_font_size_phone=&#187;45px&#187; text_font_size_last_edited=&#187;on|phone&#187; text_text_shadow_style=&#187;preset1&#8243; text_text_shadow_horizontal_length=&#187;0.04em&#187; text_text_shadow_vertical_length=&#187;0.06em&#187; text_text_shadow_blur_strength=&#187;0.07em&#187; global_colors_info=&#187;{}&#187;]<\/p>\n<p>Ferienwohnung Alpenfirn<\/p>\n<p>[\/et_pb_text][et_pb_text _builder_version=&#187;4.27.4&#8243; _module_preset=&#187;default&#187; text_font=&#187;|600|||||||&#187; text_text_color=&#187;#FFFFFF&#187; text_font_size=&#187;42px&#187; text_line_height=&#187;1.1em&#187; text_orientation=&#187;center&#187; custom_margin=&#187;10px||||false|false&#187; custom_padding=&#187;10px||||false|false&#187; text_font_size_tablet=&#187;42px&#187; text_font_size_phone=&#187;25px&#187; text_font_size_last_edited=&#187;on|phone&#187; text_text_shadow_style=&#187;preset1&#8243; text_text_shadow_horizontal_length=&#187;0.04em&#187; text_text_shadow_vertical_length=&#187;0.06em&#187; text_text_shadow_blur_strength=&#187;0.07em&#187; global_colors_info=&#187;{}&#187;]<\/p>\n<p>Verf\u00fcgbarkeit<\/p>\n<p>[\/et_pb_text][\/et_pb_column][\/et_pb_row][et_pb_row _builder_version=&#187;4.27.4&#8243; _module_preset=&#187;default&#187; global_colors_info=&#187;{}&#187;][et_pb_column type=&#187;4_4&#8243; _builder_version=&#187;4.27.4&#8243; _module_preset=&#187;default&#187; global_colors_info=&#187;{}&#187;][\/et_pb_column][\/et_pb_row][\/et_pb_section][et_pb_section fb_built=&#187;1&#8243; custom_padding_last_edited=&#187;on|phone&#187; _builder_version=&#187;4.27.4&#8243; _module_preset=&#187;default&#187; background_color=&#187;#f5f0e9&#8243; custom_padding_tablet=&#187;&#187; custom_padding_phone=&#187;||0px||false|false&#187; global_colors_info=&#187;{}&#187;][et_pb_row _builder_version=&#187;4.27.4&#8243; _module_preset=&#187;default&#187; global_colors_info=&#187;{}&#187;][et_pb_column type=&#187;4_4&#8243; _builder_version=&#187;4.27.4&#8243; _module_preset=&#187;default&#187; global_colors_info=&#187;{}&#187;][et_pb_text _builder_version=&#187;4.27.4&#8243; _module_preset=&#187;default&#187; text_text_color=&#187;#3b1806&#8243; text_font_size=&#187;18px&#187; text_line_height=&#187;1.4em&#187; header_2_font=&#187;|600|||||||&#187; header_2_text_color=&#187;#3b1806&#8243; header_2_font_size=&#187;32px&#187; header_2_line_height=&#187;1.2em&#187; text_orientation=&#187;center&#187; custom_padding=&#187;0px||||false|false&#187; global_colors_info=&#187;{}&#187;]<\/p>\n<h2>Belegungskalender<\/h2>\n<p>Unsere Ferienwohnungen sind grunds\u00e4tzlich buchbar <strong>ab 4 \u00dcbernachtungen.<\/strong><\/p>\n<p>Von Mitte Juli bis Mitte August und w\u00e4hrend den <strong>Hochsaisonwochen<\/strong> im Winter sind die Ferienwohnungen nur <strong>wochenweise von Samstag zu Samstag<\/strong> buchbar.<\/p>\n<p>[\/et_pb_text][\/et_pb_column][\/et_pb_row][\/et_pb_section][et_pb_section fb_built=&#187;1&#8243; _builder_version=&#187;4.27.4&#8243; _module_preset=&#187;default&#187; global_colors_info=&#187;{}&#187;][et_pb_row _builder_version=&#187;4.27.4&#8243; _module_preset=&#187;default&#187; global_colors_info=&#187;{}&#187;][et_pb_column type=&#187;4_4&#8243; _builder_version=&#187;4.27.4&#8243; _module_preset=&#187;default&#187; global_colors_info=&#187;{}&#187;][et_pb_code _builder_version=&#187;4.27.4&#8243; _module_preset=&#187;default&#187; global_colors_info=&#187;{}&#187;] <\/p>\n<div id=\"ebAvailability\"><\/div>\n<p><!-- [et_pb_line_break_holder] --> <script type=\"text\/javascript\" src=\"\/\/www.easy-booking.at\/ebPlugins\/availability\/jquery.easybooking.availability.js\"><\/script><!-- [et_pb_line_break_holder] --> <script type=\"text\/javascript\"><!-- [et_pb_line_break_holder] --> function ebAvailabilityLoadedCheck() {<!-- [et_pb_line_break_holder] --> \tif (typeof jQuery !== \"undefined\") {<!-- [et_pb_line_break_holder] --> \t\tif (jQuery.fn.ebAvailabilityCalendar) {<!-- [et_pb_line_break_holder] --> \t\t\t\tjQuery(\"#ebAvailability\").ebAvailabilityCalendar({<!-- [et_pb_line_break_holder] --> \t\t\t\tcustomerId: 1975,<!-- [et_pb_line_break_holder] --> \t\t\t\tserialNo: \"9038-2364-9108\",<!-- [et_pb_line_break_holder] --> \t\t\t\tlocaleId: 2,<!-- [et_pb_line_break_holder] --> \t\t\t\tcategories: \"all\",<!-- [et_pb_line_break_holder] --> \t\t\t\tstartDate: \"default\",<!-- [et_pb_line_break_holder] --> \t\t\t\tshowForm: true<!-- [et_pb_line_break_holder] --> \t\t\t});<!-- [et_pb_line_break_holder] --> \t\t} else{setTimeout(ebAvailabilityLoadedCheck, 200);}<!-- [et_pb_line_break_holder] --> \t} else{setTimeout(ebAvailabilityLoadedCheck, 200);}<!-- [et_pb_line_break_holder] --> }<!-- [et_pb_line_break_holder] --> ebAvailabilityLoadedCheck();<!-- [et_pb_line_break_holder] --> <\/script> [\/et_pb_code][\/et_pb_column][\/et_pb_row][\/et_pb_section][et_pb_section fb_built=&#187;1&#8243; _builder_version=&#187;4.27.4&#8243; _module_preset=&#187;default&#187; background_color=&#187;#F5F0E9&#8243; global_colors_info=&#187;{}&#187;][et_pb_row _builder_version=&#187;4.27.4&#8243; _module_preset=&#187;default&#187; global_colors_info=&#187;{}&#187;][et_pb_column type=&#187;4_4&#8243; _builder_version=&#187;4.27.4&#8243; _module_preset=&#187;default&#187; global_colors_info=&#187;{}&#187;][\/et_pb_column][\/et_pb_row][\/et_pb_section]<\/p>\n","protected":false},"excerpt":{"rendered":"<p>Ferienwohnung AlpenfirnVerf\u00fcgbarkeitBelegungskalender Unsere Ferienwohnungen sind grunds\u00e4tzlich buchbar ab 4 \u00dcbernachtungen. Von Mitte Juli bis Mitte August und w\u00e4hrend den Hochsaisonwochen im Winter sind die Ferienwohnungen nur wochenweise von Samstag zu Samstag buchbar.<\/p>","protected":false},"author":1,"featured_media":0,"parent":0,"menu_order":0,"comment_status":"closed","ping_status":"closed","template":"","meta":{"_et_pb_use_builder":"on","_et_pb_old_content":"","_et_gb_content_width":"","inline_featured_image":false,"footnotes":""},"class_list":["post-207","page","type-page","status-publish","hentry"],"_links":{"self":[{"href":"https:\/\/www.alpenfirn.ch\/en\/wp-json\/wp\/v2\/pages\/207","targetHints":{"allow":["GET"]}}],"collection":[{"href":"https:\/\/www.alpenfirn.ch\/en\/wp-json\/wp\/v2\/pages"}],"about":[{"href":"https:\/\/www.alpenfirn.ch\/en\/wp-json\/wp\/v2\/types\/page"}],"author":[{"embeddable":true,"href":"https:\/\/www.alpenfirn.ch\/en\/wp-json\/wp\/v2\/users\/1"}],"replies":[{"embeddable":true,"href":"https:\/\/www.alpenfirn.ch\/en\/wp-json\/wp\/v2\/comments?post=207"}],"version-history":[{"count":5,"href":"https:\/\/www.alpenfirn.ch\/en\/wp-json\/wp\/v2\/pages\/207\/revisions"}],"predecessor-version":[{"id":596,"href":"https:\/\/www.alpenfirn.ch\/en\/wp-json\/wp\/v2\/pages\/207\/revisions\/596"}],"wp:attachment":[{"href":"https:\/\/www.alpenfirn.ch\/en\/wp-json\/wp\/v2\/media?parent=207"}],"curies":[{"name":"wp","href":"https:\/\/api.w.org\/{rel}","templated":true}]}}