{"id":211,"date":"2025-10-09T11:50:29","date_gmt":"2025-10-09T09:50:29","guid":{"rendered":"https:\/\/www.alpenfirn.ch.copernicus.sui-inter.net\/?page_id=211"},"modified":"2025-12-16T16:07:51","modified_gmt":"2025-12-16T15:07:51","slug":"region-saastal","status":"publish","type":"page","link":"https:\/\/www.alpenfirn.ch\/en\/region-saastal\/","title":{"rendered":"Region"},"content":{"rendered":"<p>[et_pb_section fb_built=&#187;1&#8243; _builder_version=&#187;4.27.5&#8243; _module_preset=&#187;default&#187; background_image=&#187;https:\/\/www.alpenfirn.ch\/wp-content\/uploads\/2025\/10\/\u00a9SaastalTourismusAG-Wandern-Hannig.webp&#187; background_position=&#187;top_center&#187; background_vertical_offset=&#187;20%&#187; height=&#187;35vh&#187; height_tablet=&#187;60vh&#187; height_phone=&#187;50vh&#187; height_last_edited=&#187;on|phone&#187; hover_enabled=&#187;0&#8243; border_width_bottom=&#187;8px&#187; border_color_bottom=&#187;#FFFFFF&#187; global_colors_info=&#187;{}&#187; title_text=&#187;\u00a9SaastalTourismusAG-Wandern-Hannig&#187; sticky_enabled=&#187;0&#8243;][et_pb_row _builder_version=&#187;4.27.4&#8243; _module_preset=&#187;default&#187; min_height=&#187;100%&#187; custom_margin=&#187;||||false|false&#187; custom_css_main_element=&#187;display:flex;||justify-content:center;||align-items:center;&#187; global_colors_info=&#187;{}&#187;][et_pb_column type=&#187;4_4&#8243; _builder_version=&#187;4.27.4&#8243; _module_preset=&#187;default&#187; global_colors_info=&#187;{}&#187;][et_pb_text _builder_version=&#187;4.27.4&#8243; _module_preset=&#187;default&#187; text_font=&#187;|600|||||||&#187; text_text_color=&#187;#FFFFFF&#187; text_font_size=&#187;60px&#187; text_line_height=&#187;1.1em&#187; text_orientation=&#187;center&#187; custom_margin=&#187;||0px||false|false&#187; custom_padding=&#187;||0px||false|false&#187; text_font_size_tablet=&#187;60px&#187; text_font_size_phone=&#187;45px&#187; text_font_size_last_edited=&#187;on|phone&#187; text_text_shadow_style=&#187;preset1&#8243; text_text_shadow_horizontal_length=&#187;0.04em&#187; text_text_shadow_vertical_length=&#187;0.06em&#187; text_text_shadow_blur_strength=&#187;0.07em&#187; global_colors_info=&#187;{}&#187;]<\/p>\n<p>Entdecken Sie Saas-Fee<\/p>\n<p>[\/et_pb_text][\/et_pb_column][\/et_pb_row][\/et_pb_section][et_pb_section fb_built=&#187;1&#8243; custom_padding_last_edited=&#187;on|phone&#187; _builder_version=&#187;4.27.4&#8243; _module_preset=&#187;default&#187; background_color=&#187;#f5f0e9&#8243; custom_padding=&#187;||2em||false|false&#187; custom_padding_tablet=&#187;&#187; custom_padding_phone=&#187;||0px||false|false&#187; global_colors_info=&#187;{}&#187;][et_pb_row _builder_version=&#187;4.27.4&#8243; _module_preset=&#187;default&#187; global_colors_info=&#187;{}&#187;][et_pb_column type=&#187;4_4&#8243; _builder_version=&#187;4.27.4&#8243; _module_preset=&#187;default&#187; global_colors_info=&#187;{}&#187;][et_pb_text _builder_version=&#187;4.27.4&#8243; _module_preset=&#187;default&#187; text_text_color=&#187;#3b1806&#8243; text_font_size=&#187;18px&#187; text_line_height=&#187;1.4em&#187; header_2_font=&#187;|600|||||||&#187; header_2_text_color=&#187;#3b1806&#8243; header_2_font_size=&#187;32px&#187; header_2_line_height=&#187;1.2em&#187; text_orientation=&#187;center&#187; custom_padding=&#187;0px||||false|false&#187; global_colors_info=&#187;{}&#187;]<\/p>\n<h2>Aktiv, entspannt und unvergesslich \u2013 zu jeder Jahreszeit<\/h2>\n<p>Saas-Fee und Umgebung bieten f\u00fcr jeden etwas: <strong>Wanderungen<\/strong> durch atemberaubende <strong>Berglandschaften<\/strong>, spannende <strong>Bike-Trails<\/strong>, <strong>winterliche Skierlebnisse<\/strong> oder gem\u00fctliche Stunden in der Natur. Ob Sommer oder Winter \u2013 lassen Sie sich von der Vielfalt der Region inspirieren und gestalten Sie Ihre Ferientage ganz nach Lust und Laune.<\/p>\n<p>[\/et_pb_text][\/et_pb_column][\/et_pb_row][et_pb_row column_structure=&#187;1_4,1_4,1_4,1_4&#8243; use_custom_gutter=&#187;on&#187; gutter_width=&#187;2&#8243; make_equal=&#187;on&#187; _builder_version=&#187;4.27.4&#8243; _module_preset=&#187;default&#187; width=&#187;40%&#187; width_tablet=&#187;40%&#187; width_phone=&#187;40%&#187; width_last_edited=&#187;on|tablet&#187; module_alignment=&#187;center&#187; global_colors_info=&#187;{}&#187;][et_pb_column type=&#187;1_4&#8243; _builder_version=&#187;4.27.4&#8243; _module_preset=&#187;default&#187; background_color=&#187;RGBA(255,255,255,0)&#187; global_colors_info=&#187;{}&#187;][et_pb_image src=&#187;https:\/\/www.alpenfirn.ch\/wp-content\/uploads\/2025\/10\/icon-ski.svg&#187; title_text=&#187;icon-ski&#187; _builder_version=&#187;4.27.5&#8243; _module_preset=&#187;default&#187; width=&#187;60%&#187; width_tablet=&#187;60%&#187; width_phone=&#187;65%&#187; width_last_edited=&#187;on|phone&#187; module_alignment=&#187;center&#187; hover_enabled=&#187;0&#8243; global_colors_info=&#187;{}&#187; sticky_enabled=&#187;0&#8243;][\/et_pb_image][et_pb_text _builder_version=&#187;4.27.4&#8243; _module_preset=&#187;default&#187; text_text_color=&#187;#3b1806&#8243; text_font_size=&#187;18px&#187; text_line_height=&#187;1.5em&#187; header_2_font=&#187;|600|||||||&#187; header_2_text_color=&#187;#3b1806&#8243; header_2_font_size=&#187;32px&#187; header_2_line_height=&#187;1.2em&#187; text_orientation=&#187;center&#187; custom_margin=&#187;0px||1em||false|false&#187; custom_padding=&#187;0px||0em|0em|false|false&#187; global_colors_info=&#187;{}&#187;]<\/p>\n<p>Skifahren<strong><\/strong><\/p>\n<p>[\/et_pb_text][\/et_pb_column][et_pb_column type=&#187;1_4&#8243; _builder_version=&#187;4.27.4&#8243; _module_preset=&#187;default&#187; background_color=&#187;RGBA(255,255,255,0)&#187; global_colors_info=&#187;{}&#187;][et_pb_image src=&#187;https:\/\/www.alpenfirn.ch\/wp-content\/uploads\/2025\/10\/icon-berg.svg&#187; title_text=&#187;icon-berg&#187; _builder_version=&#187;4.27.5&#8243; _module_preset=&#187;default&#187; width=&#187;60%&#187; width_tablet=&#187;60%&#187; width_phone=&#187;65%&#187; width_last_edited=&#187;on|phone&#187; module_alignment=&#187;center&#187; hover_enabled=&#187;0&#8243; global_colors_info=&#187;{}&#187; sticky_enabled=&#187;0&#8243;][\/et_pb_image][et_pb_text _builder_version=&#187;4.27.4&#8243; _module_preset=&#187;default&#187; text_text_color=&#187;#3b1806&#8243; text_font_size=&#187;18px&#187; text_line_height=&#187;1.5em&#187; header_2_font=&#187;|600|||||||&#187; header_2_text_color=&#187;#3b1806&#8243; header_2_font_size=&#187;32px&#187; header_2_line_height=&#187;1.2em&#187; text_orientation=&#187;center&#187; custom_margin=&#187;0px||1em||false|false&#187; custom_padding=&#187;0px||0em|0em|false|false&#187; global_colors_info=&#187;{}&#187;]<\/p>\n<p>Berge &amp; Natur<strong><\/strong><\/p>\n<p>[\/et_pb_text][\/et_pb_column][et_pb_column type=&#187;1_4&#8243; _builder_version=&#187;4.27.4&#8243; _module_preset=&#187;default&#187; background_color=&#187;RGBA(255,255,255,0)&#187; global_colors_info=&#187;{}&#187;][et_pb_image src=&#187;https:\/\/www.alpenfirn.ch\/wp-content\/uploads\/2025\/10\/icon-wandern.svg&#187; title_text=&#187;icon-wandern&#187; _builder_version=&#187;4.27.5&#8243; _module_preset=&#187;default&#187; width=&#187;60%&#187; width_tablet=&#187;60%&#187; width_phone=&#187;65%&#187; width_last_edited=&#187;on|phone&#187; module_alignment=&#187;center&#187; hover_enabled=&#187;0&#8243; global_colors_info=&#187;{}&#187; sticky_enabled=&#187;0&#8243;][\/et_pb_image][et_pb_text _builder_version=&#187;4.27.4&#8243; _module_preset=&#187;default&#187; text_text_color=&#187;#3b1806&#8243; text_font_size=&#187;18px&#187; text_line_height=&#187;1.5em&#187; header_2_font=&#187;|600|||||||&#187; header_2_text_color=&#187;#3b1806&#8243; header_2_font_size=&#187;32px&#187; header_2_line_height=&#187;1.2em&#187; text_orientation=&#187;center&#187; custom_margin=&#187;0px||1em||false|false&#187; custom_padding=&#187;0px||0em|0em|false|false&#187; global_colors_info=&#187;{}&#187;]<\/p>\n<p>Wandern<strong><\/strong><\/p>\n<p>[\/et_pb_text][\/et_pb_column][et_pb_column type=&#187;1_4&#8243; _builder_version=&#187;4.27.4&#8243; _module_preset=&#187;default&#187; background_color=&#187;RGBA(255,255,255,0)&#187; global_colors_info=&#187;{}&#187;][et_pb_image src=&#187;https:\/\/www.alpenfirn.ch\/wp-content\/uploads\/2025\/10\/icon-spielplatz.svg&#187; title_text=&#187;icon-spielplatz&#187; _builder_version=&#187;4.27.5&#8243; _module_preset=&#187;default&#187; width=&#187;60%&#187; width_tablet=&#187;60%&#187; width_phone=&#187;65%&#187; width_last_edited=&#187;on|phone&#187; module_alignment=&#187;center&#187; hover_enabled=&#187;0&#8243; global_colors_info=&#187;{}&#187; sticky_enabled=&#187;0&#8243;][\/et_pb_image][et_pb_text _builder_version=&#187;4.27.4&#8243; _module_preset=&#187;default&#187; text_text_color=&#187;#3b1806&#8243; text_font_size=&#187;18px&#187; text_line_height=&#187;1.5em&#187; header_2_font=&#187;|600|||||||&#187; header_2_text_color=&#187;#3b1806&#8243; header_2_font_size=&#187;32px&#187; header_2_line_height=&#187;1.2em&#187; text_orientation=&#187;center&#187; custom_margin=&#187;0px||1em||false|false&#187; custom_padding=&#187;0px||0em|0em|false|false&#187; global_colors_info=&#187;{}&#187;]<\/p>\n<p>Spielplatz<strong><\/strong><\/p>\n<p>[\/et_pb_text][\/et_pb_column][\/et_pb_row][\/et_pb_section][et_pb_section fb_built=&#187;1&#8243; _builder_version=&#187;4.27.4&#8243; _module_preset=&#187;default&#187; background_color=&#187;#F5F0E9&#8243; custom_margin=&#187;0px||0em||false|false&#187; custom_padding=&#187;0px||4em||false|false&#187; global_colors_info=&#187;{}&#187;][et_pb_row column_structure=&#187;1_2,1_2&#8243; make_equal=&#187;on&#187; _builder_version=&#187;4.27.4&#8243; _module_preset=&#187;default&#187; global_colors_info=&#187;{}&#187;][et_pb_column type=&#187;1_2&#8243; _builder_version=&#187;4.27.4&#8243; _module_preset=&#187;default&#187; background_color=&#187;#FFFFFF&#187; global_colors_info=&#187;{}&#187;][et_pb_image src=&#187;https:\/\/www.alpenfirn.ch\/wp-content\/uploads\/2025\/10\/\u00a9SaastalTourismusAG-Bike.webp&#187; title_text=&#187;\u00a9SaastalTourismusAG-Bike&#187; _builder_version=&#187;4.27.5&#8243; _module_preset=&#187;default&#187; hover_enabled=&#187;0&#8243; global_colors_info=&#187;{}&#187; sticky_enabled=&#187;0&#8243;][\/et_pb_image][et_pb_text _builder_version=&#187;4.27.4&#8243; _module_preset=&#187;default&#187; text_text_color=&#187;#3b1806&#8243; text_font_size=&#187;18px&#187; text_line_height=&#187;1.5em&#187; header_2_font=&#187;|600|||||||&#187; header_2_text_color=&#187;#3b1806&#8243; header_2_font_size=&#187;32px&#187; header_2_line_height=&#187;1.2em&#187; custom_margin=&#187;0px||2em||false|false&#187; custom_padding=&#187;0px||0em|1em|false|false&#187; global_colors_info=&#187;{}&#187;]<\/p>\n<p><strong>Den Sommer im Saastal erleben<br \/><\/strong>Geniessen Sie Sonne, frische Bergluft und die vielf\u00e4ltige Saaser Bergwelt. Ob Wandern, Biken oder einfach Entspannen \u2013 im Sommer wartet jede Menge Abwechslung auf Sie.<\/p>\n<p>[\/et_pb_text][et_pb_button button_url=&#187;https:\/\/www.saas-fee.ch\/de\/bergsommer-dein-sommer-im-outdoor-paradies-saas-fee-saastal&#187; url_new_window=&#187;on&#187; button_text=&#187;Mehr erfahren&#187; button_alignment=&#187;left&#187; _builder_version=&#187;4.27.4&#8243; _module_preset=&#187;default&#187; custom_button=&#187;on&#187; button_text_size=&#187;16px&#187; button_text_color=&#187;#3b1806&#8243; button_bg_color=&#187;RGBA(255,255,255,0)&#187; button_border_color=&#187;#3b1806&#8243; button_border_radius=&#187;8px&#187; button_use_icon=&#187;off&#187; custom_margin=&#187;0em||2em|1em|false|false&#187; custom_padding=&#187;3px|1em|3px|1em|true|true&#187; global_colors_info=&#187;{}&#187; button_bg_color__hover_enabled=&#187;on|desktop&#187; button_text_color__hover=&#187;#FFFFFF&#187; button_text_color__hover_enabled=&#187;on|hover&#187; button_bg_color__hover=&#187;#c10c19&#8243; button_bg_enable_color__hover=&#187;on&#187; button_border_color__hover_enabled=&#187;on|desktop&#187; button_border_color__hover=&#187;#c10c19&#8243;][\/et_pb_button][\/et_pb_column][et_pb_column type=&#187;1_2&#8243; _builder_version=&#187;4.27.4&#8243; _module_preset=&#187;default&#187; background_color=&#187;#FFFFFF&#187; global_colors_info=&#187;{}&#187;][et_pb_image src=&#187;https:\/\/www.alpenfirn.ch\/wp-content\/uploads\/2025\/10\/\u00a9SaastalTourismusAG-familie-ski.webp&#187; title_text=&#187;\u00a9SaastalTourismusAG-familie-ski&#187; _builder_version=&#187;4.27.5&#8243; _module_preset=&#187;default&#187; hover_enabled=&#187;0&#8243; global_colors_info=&#187;{}&#187; sticky_enabled=&#187;0&#8243;][\/et_pb_image][et_pb_text _builder_version=&#187;4.27.4&#8243; _module_preset=&#187;default&#187; text_text_color=&#187;#3b1806&#8243; text_font_size=&#187;18px&#187; text_line_height=&#187;1.5em&#187; header_2_font=&#187;|600|||||||&#187; header_2_text_color=&#187;#3b1806&#8243; header_2_font_size=&#187;32px&#187; header_2_line_height=&#187;1.2em&#187; custom_margin=&#187;0px||2em||false|false&#187; custom_padding=&#187;0px||0em|1em|false|false&#187; global_colors_info=&#187;{}&#187;]<\/p>\n<p><strong>Winteraktivit\u00e4ten im Saastal<br \/><\/strong>Erleben Sie den Winter von seiner sch\u00f6nsten Seite \u2013 auf der Piste, beim Winterwandern oder gem\u00fctlich beim Apr\u00e8s-Ski. Die Region Saas-Fee bietet Schneegenuss f\u00fcr Gross und Klein.<\/p>\n<p>[\/et_pb_text][et_pb_button button_url=&#187;https:\/\/www.saas-fee.ch\/de\/winter-im-saastal&#187; url_new_window=&#187;on&#187; button_text=&#187;Mehr erfahren&#187; button_alignment=&#187;left&#187; _builder_version=&#187;4.27.4&#8243; _module_preset=&#187;default&#187; custom_button=&#187;on&#187; button_text_size=&#187;16px&#187; button_text_color=&#187;#3b1806&#8243; button_bg_color=&#187;RGBA(255,255,255,0)&#187; button_border_color=&#187;#3b1806&#8243; button_border_radius=&#187;8px&#187; button_use_icon=&#187;off&#187; custom_margin=&#187;0em||2em|1em|false|false&#187; custom_padding=&#187;3px|1em|3px|1em|true|true&#187; global_colors_info=&#187;{}&#187; button_bg_color__hover_enabled=&#187;on|desktop&#187; button_text_color__hover=&#187;#FFFFFF&#187; button_text_color__hover_enabled=&#187;on|hover&#187; button_bg_color__hover=&#187;#c10c19&#8243; button_bg_enable_color__hover=&#187;on&#187; button_border_color__hover_enabled=&#187;on|desktop&#187; button_border_color__hover=&#187;#c10c19&#8243;][\/et_pb_button][\/et_pb_column][\/et_pb_row][\/et_pb_section][et_pb_section fb_built=&#187;1&#8243; _builder_version=&#187;4.27.4&#8243; _module_preset=&#187;default&#187; global_colors_info=&#187;{}&#187;][et_pb_row _builder_version=&#187;4.27.4&#8243; _module_preset=&#187;default&#187; global_colors_info=&#187;{}&#187;][et_pb_column type=&#187;4_4&#8243; _builder_version=&#187;4.27.4&#8243; _module_preset=&#187;default&#187; global_colors_info=&#187;{}&#187;][et_pb_gallery gallery_ids=&#187;327,161,307,311,308,321,324,326,329&#8243; posts_number=&#187;8&#8243; show_title_and_caption=&#187;off&#187; show_pagination=&#187;off&#187; zoom_icon_color=&#187;#C10C19&#8243; hover_overlay_color=&#187;rgba(245,240,233,0.75)&#187; _builder_version=&#187;4.27.4&#8243; _module_preset=&#187;default&#187; global_colors_info=&#187;{}&#187;][\/et_pb_gallery][\/et_pb_column][\/et_pb_row][\/et_pb_section]<\/p>\n","protected":false},"excerpt":{"rendered":"<p>Entdecken Sie Saas-FeeAktiv, entspannt und unvergesslich \u2013 zu jeder Jahreszeit Saas-Fee und Umgebung bieten f\u00fcr jeden etwas: Wanderungen durch atemberaubende Berglandschaften, spannende Bike-Trails, winterliche Skierlebnisse oder gem\u00fctliche Stunden in der Natur. Ob Sommer oder Winter \u2013 lassen Sie sich von der Vielfalt der Region inspirieren und gestalten Sie Ihre Ferientage ganz nach Lust und Laune.SkifahrenBerge [&hellip;]<\/p>\n","protected":false},"author":1,"featured_media":0,"parent":0,"menu_order":0,"comment_status":"closed","ping_status":"closed","template":"","meta":{"_et_pb_use_builder":"on","_et_pb_old_content":"","_et_gb_content_width":"","inline_featured_image":false,"footnotes":""},"class_list":["post-211","page","type-page","status-publish","hentry"],"_links":{"self":[{"href":"https:\/\/www.alpenfirn.ch\/en\/wp-json\/wp\/v2\/pages\/211","targetHints":{"allow":["GET"]}}],"collection":[{"href":"https:\/\/www.alpenfirn.ch\/en\/wp-json\/wp\/v2\/pages"}],"about":[{"href":"https:\/\/www.alpenfirn.ch\/en\/wp-json\/wp\/v2\/types\/page"}],"author":[{"embeddable":true,"href":"https:\/\/www.alpenfirn.ch\/en\/wp-json\/wp\/v2\/users\/1"}],"replies":[{"embeddable":true,"href":"https:\/\/www.alpenfirn.ch\/en\/wp-json\/wp\/v2\/comments?post=211"}],"version-history":[{"count":12,"href":"https:\/\/www.alpenfirn.ch\/en\/wp-json\/wp\/v2\/pages\/211\/revisions"}],"predecessor-version":[{"id":619,"href":"https:\/\/www.alpenfirn.ch\/en\/wp-json\/wp\/v2\/pages\/211\/revisions\/619"}],"wp:attachment":[{"href":"https:\/\/www.alpenfirn.ch\/en\/wp-json\/wp\/v2\/media?parent=211"}],"curies":[{"name":"wp","href":"https:\/\/api.w.org\/{rel}","templated":true}]}}