{"id":218,"date":"2025-10-09T10:53:31","date_gmt":"2025-10-09T08:53:31","guid":{"rendered":"https:\/\/www.alpenfirn.ch.copernicus.sui-inter.net\/?page_id=218"},"modified":"2026-03-30T15:09:23","modified_gmt":"2026-03-30T13:09:23","slug":"alpenfirn-gut-zu-wissen","status":"publish","type":"page","link":"https:\/\/www.alpenfirn.ch\/en\/alpenfirn-gut-zu-wissen\/","title":{"rendered":"Good to know"},"content":{"rendered":"<p>[et_pb_section fb_built=&#187;1&#8243; _builder_version=&#187;4.27.5&#8243; _module_preset=&#187;default&#187; background_image=&#187;https:\/\/www.alpenfirn.ch\/wp-content\/uploads\/2025\/12\/alpenfirn_saas-fee_05.webp&#187; background_position=&#187;top_center&#187; background_vertical_offset=&#187;31%&#187; height=&#187;35vh&#187; height_tablet=&#187;60vh&#187; height_phone=&#187;50vh&#187; height_last_edited=&#187;on|phone&#187; border_width_bottom=&#187;8px&#187; border_color_bottom=&#187;#FFFFFF&#187; global_colors_info=&#187;{}&#187;][et_pb_row _builder_version=&#187;4.27.4&#8243; _module_preset=&#187;default&#187; min_height=&#187;100%&#187; custom_margin=&#187;||||false|false&#187; custom_css_main_element=&#187;display:flex;||justify-content:center;||align-items:center;&#187; global_colors_info=&#187;{}&#187;][et_pb_column type=&#187;4_4&#8243; _builder_version=&#187;4.27.4&#8243; _module_preset=&#187;default&#187; global_colors_info=&#187;{}&#187;][et_pb_text _builder_version=&#187;4.27.4&#8243; _module_preset=&#187;default&#187; text_font=&#187;|600|||||||&#187; text_text_color=&#187;#FFFFFF&#187; text_font_size=&#187;60px&#187; text_line_height=&#187;1.1em&#187; text_orientation=&#187;center&#187; custom_margin=&#187;||0px||false|false&#187; custom_padding=&#187;||0px||false|false&#187; text_font_size_tablet=&#187;60px&#187; text_font_size_phone=&#187;45px&#187; text_font_size_last_edited=&#187;on|phone&#187; text_text_shadow_style=&#187;preset1&#8243; text_text_shadow_horizontal_length=&#187;0.04em&#187; text_text_shadow_vertical_length=&#187;0.06em&#187; text_text_shadow_blur_strength=&#187;0.07em&#187; global_colors_info=&#187;{}&#187;]<\/p>\n<p>Gut zu wissen<\/p>\n<p>[\/et_pb_text][et_pb_text _builder_version=&#187;4.27.4&#8243; _module_preset=&#187;default&#187; text_font=&#187;|600|||||||&#187; text_text_color=&#187;#FFFFFF&#187; text_font_size=&#187;42px&#187; text_line_height=&#187;1.1em&#187; text_orientation=&#187;center&#187; custom_margin=&#187;10px||||false|false&#187; custom_padding=&#187;10px||||false|false&#187; text_font_size_tablet=&#187;42px&#187; text_font_size_phone=&#187;25px&#187; text_font_size_last_edited=&#187;on|phone&#187; text_text_shadow_style=&#187;preset1&#8243; text_text_shadow_horizontal_length=&#187;0.04em&#187; text_text_shadow_vertical_length=&#187;0.06em&#187; text_text_shadow_blur_strength=&#187;0.07em&#187; global_colors_info=&#187;{}&#187;]<\/p>\n<p>Saas-Fee \u2013 Die Perle der Alpen<\/p>\n<p>[\/et_pb_text][\/et_pb_column][\/et_pb_row][\/et_pb_section][et_pb_section fb_built=&#187;1&#8243; custom_padding_last_edited=&#187;on|phone&#187; _builder_version=&#187;4.27.4&#8243; _module_preset=&#187;default&#187; background_color=&#187;#f5f0e9&#8243; custom_padding_tablet=&#187;&#187; custom_padding_phone=&#187;||0px||false|false&#187; global_colors_info=&#187;{}&#187;][et_pb_row _builder_version=&#187;4.27.4&#8243; _module_preset=&#187;default&#187; width=&#187;100%&#187; max_width=&#187;1200px&#187; custom_margin_tablet=&#187;|||0px|false|false&#187; custom_margin_phone=&#187;|||0px|false|false&#187; custom_margin_last_edited=&#187;on|tablet&#187; custom_padding=&#187;||3em||false|false&#187; custom_css_free_form=&#187;.selector {||    display: flex;||    flex-direction: column-reverse;||}||||@media (min-width: 768px) {||    .selector {||        flex-direction: row;||    }||}&#187; global_colors_info=&#187;{}&#187;][et_pb_column type=&#187;4_4&#8243; _builder_version=&#187;4.27.4&#8243; _module_preset=&#187;default&#187; global_colors_info=&#187;{}&#187;][et_pb_text _builder_version=&#187;4.27.4&#8243; _module_preset=&#187;default&#187; text_text_color=&#187;#3b1806&#8243; text_font_size=&#187;18px&#187; text_line_height=&#187;1.4em&#187; header_2_font=&#187;|600|||||||&#187; header_2_text_color=&#187;#3b1806&#8243; header_2_font_size=&#187;32px&#187; header_2_line_height=&#187;1.2em&#187; text_orientation=&#187;center&#187; custom_padding=&#187;0px||||false|false&#187; global_colors_info=&#187;{}&#187;]<\/p>\n<h2>Infos rund um Haus &amp; Region<\/h2>\n<p>Damit Ihr Aufenthalt rundum entspannt wird, finden Sie hier alle wichtigen Informationen zu unserem Ferienhaus und zur Region Saas-Fee. Entdecken Sie Tipps zur <strong>Anreise,<\/strong> erfahren Sie, warum unsere Ferienwohnungen besonders <strong>familienfreundlich<\/strong> sind, und st\u00f6bern Sie in den <strong>h\u00e4ufig gestellten Fragen.<\/strong> Ausserdem haben wir f\u00fcr Sie n\u00fctzliche Links zu <strong>Sommer- und Winteraktivit\u00e4ten<\/strong>, <strong>Magic Pass<\/strong> und der <strong>Saastal Card<\/strong> zusammengestellt \u2013 f\u00fcr unbeschwerte Ferientage von Anfang an.<\/p>\n<p>[\/et_pb_text][\/et_pb_column][\/et_pb_row][\/et_pb_section][et_pb_section fb_built=&#187;1&#8243; _builder_version=&#187;4.27.4&#8243; _module_preset=&#187;default&#187; global_colors_info=&#187;{}&#187;][et_pb_row column_structure=&#187;1_3,1_3,1_3&#8243; use_custom_gutter=&#187;on&#187; gutter_width=&#187;2&#8243; make_equal=&#187;on&#187; custom_padding_last_edited=&#187;on|desktop&#187; _builder_version=&#187;4.27.4&#8243; _module_preset=&#187;default&#187; width_tablet=&#187;92%&#187; width_phone=&#187;92%&#187; width_last_edited=&#187;on|tablet&#187; custom_margin=&#187;||||false|false&#187; custom_margin_tablet=&#187;|||0px|false|false&#187; custom_margin_phone=&#187;|||0px|false|false&#187; custom_margin_last_edited=&#187;on|tablet&#187; custom_padding=&#187;||||false|false&#187; custom_padding_tablet=&#187;||||false|false&#187; custom_padding_phone=&#187;||||false|false&#187; module_alignment_tablet=&#187;center&#187; module_alignment_phone=&#187;center&#187; module_alignment_last_edited=&#187;on|tablet&#187; global_colors_info=&#187;{}&#187;][et_pb_column type=&#187;1_3&#8243; _builder_version=&#187;4.27.4&#8243; _module_preset=&#187;default&#187; background_color=&#187;#F5F0E9&#8243; global_colors_info=&#187;{}&#187;][et_pb_image src=&#187;https:\/\/www.alpenfirn.ch\/wp-content\/uploads\/2025\/10\/sujet_elektro.webp&#187; title_text=&#187;sujet_elektro&#187; _builder_version=&#187;4.27.5&#8243; _module_preset=&#187;default&#187; custom_margin=&#187;||1em||false|false&#187; custom_padding=&#187;||0px||false|false&#187; global_colors_info=&#187;{}&#187;][\/et_pb_image][et_pb_text _builder_version=&#187;4.27.4&#8243; _module_preset=&#187;default&#187; text_text_color=&#187;#3b1806&#8243; text_font_size=&#187;18px&#187; text_line_height=&#187;1.4em&#187; header_2_font=&#187;|600|||||||&#187; header_2_text_color=&#187;#3b1806&#8243; header_2_font_size=&#187;32px&#187; header_2_line_height=&#187;1.2em&#187; custom_margin=&#187;0px||||false|false&#187; custom_padding=&#187;0px|1em|1em|1em|false|true&#187; global_colors_info=&#187;{}&#187;]<\/p>\n<p><strong>Anreise<br \/><\/strong>Planen Sie Ihre Anreise stressfrei: Ob mit dem Auto, \u00f6ffentlichen Verkehrsmitteln oder dem Shuttle \u2013 wir geben Ihnen alle wichtigen Infos f\u00fcr eine unkomplizierte Ankunft.<\/p>\n<p>[\/et_pb_text][et_pb_button button_url=&#187;@ET-DC@eyJkeW5hbWljIjp0cnVlLCJjb250ZW50IjoicG9zdF9saW5rX3VybF9wYWdlIiwic2V0dGluZ3MiOnsicG9zdF9pZCI6IjIyNSJ9fQ==@&#187; button_text=&#187;Anreise&#187; button_alignment=&#187;left&#187; _builder_version=&#187;4.27.4&#8243; _dynamic_attributes=&#187;button_url&#187; _module_preset=&#187;default&#187; custom_button=&#187;on&#187; button_text_size=&#187;16px&#187; button_text_color=&#187;#3b1806&#8243; button_bg_color=&#187;#f5f0e9&#8243; button_border_color=&#187;#3b1806&#8243; button_border_radius=&#187;8px&#187; button_use_icon=&#187;off&#187; custom_margin=&#187;0em||2em|1em|false|false&#187; custom_padding=&#187;3px|1em|3px|1em|true|true&#187; global_colors_info=&#187;{}&#187; button_bg_color__hover_enabled=&#187;on|desktop&#187; button_text_color__hover=&#187;#FFFFFF&#187; button_text_color__hover_enabled=&#187;on|hover&#187; button_bg_color__hover=&#187;#c10c19&#8243; button_bg_enable_color__hover=&#187;on&#187; button_border_color__hover_enabled=&#187;on|desktop&#187; button_border_color__hover=&#187;#c10c19&#8243;][\/et_pb_button][\/et_pb_column][et_pb_column type=&#187;1_3&#8243; _builder_version=&#187;4.27.4&#8243; _module_preset=&#187;default&#187; background_color=&#187;#F5F0E9&#8243; global_colors_info=&#187;{}&#187;][et_pb_image src=&#187;https:\/\/www.alpenfirn.ch\/wp-content\/uploads\/2025\/10\/\u00a9SaastalTourismusAG-familie-murmeltierweg.webp&#187; title_text=&#187;\u00a9SaastalTourismusAG-familie-murmeltierweg&#187; _builder_version=&#187;4.27.5&#8243; _module_preset=&#187;default&#187; custom_margin=&#187;||1em||false|false&#187; custom_padding=&#187;||0px||false|false&#187; global_colors_info=&#187;{}&#187;][\/et_pb_image][et_pb_text _builder_version=&#187;4.27.4&#8243; _module_preset=&#187;default&#187; text_text_color=&#187;#3b1806&#8243; text_font_size=&#187;18px&#187; text_line_height=&#187;1.4em&#187; header_2_font=&#187;|600|||||||&#187; header_2_text_color=&#187;#3b1806&#8243; header_2_font_size=&#187;32px&#187; header_2_line_height=&#187;1.2em&#187; custom_margin=&#187;0px||||false|false&#187; custom_padding=&#187;0px|1em|1em|1em|false|true&#187; global_colors_info=&#187;{}&#187;]<\/p>\n<p><strong>Familien Willkommen<br \/><\/strong>Unsere Ferienwohnungen sind ideal f\u00fcr Familien: viel Platz, kindgerechte Ausstattung und Tipps f\u00fcr Ausfl\u00fcge sorgen daf\u00fcr, dass Gross und Klein sich rundum wohlf\u00fchlen.<\/p>\n<p>[\/et_pb_text][et_pb_button button_url=&#187;@ET-DC@eyJkeW5hbWljIjp0cnVlLCJjb250ZW50IjoicG9zdF9saW5rX3VybF9wYWdlIiwic2V0dGluZ3MiOnsicG9zdF9pZCI6IjIzMyJ9fQ==@&#187; button_text=&#187;Familenfreundlich&#187; button_alignment=&#187;left&#187; _builder_version=&#187;4.27.4&#8243; _dynamic_attributes=&#187;button_url&#187; _module_preset=&#187;default&#187; custom_button=&#187;on&#187; button_text_size=&#187;16px&#187; button_text_color=&#187;#3b1806&#8243; button_bg_color=&#187;#f5f0e9&#8243; button_border_color=&#187;#3b1806&#8243; button_border_radius=&#187;8px&#187; button_use_icon=&#187;off&#187; custom_margin=&#187;0em||2em|1em|false|false&#187; custom_padding=&#187;3px|1.5em|3px|1.5em|true|true&#187; global_colors_info=&#187;{}&#187; button_bg_color__hover_enabled=&#187;on|desktop&#187; button_text_color__hover=&#187;#FFFFFF&#187; button_text_color__hover_enabled=&#187;on|hover&#187; button_bg_color__hover=&#187;#c10c19&#8243; button_bg_enable_color__hover=&#187;on&#187; button_border_color__hover_enabled=&#187;on|desktop&#187; button_border_color__hover=&#187;#c10c19&#8243;][\/et_pb_button][\/et_pb_column][et_pb_column type=&#187;1_3&#8243; _builder_version=&#187;4.27.4&#8243; _module_preset=&#187;default&#187; background_color=&#187;#F5F0E9&#8243; global_colors_info=&#187;{}&#187;][et_pb_image src=&#187;https:\/\/www.alpenfirn.ch\/wp-content\/uploads\/2025\/10\/haus-alpenfirn-aussen-5.webp&#187; title_text=&#187;haus-alpenfirn-aussen-5&#8243; url=&#187;@ET-DC@eyJkeW5hbWljIjp0cnVlLCJjb250ZW50IjoicG9zdF9saW5rX3VybF9wYWdlIiwic2V0dGluZ3MiOnsicG9zdF9pZCI6IjIyOSJ9fQ==@&#187; _builder_version=&#187;4.27.5&#8243; _dynamic_attributes=&#187;url&#187; _module_preset=&#187;default&#187; custom_margin=&#187;||1em||false|false&#187; custom_padding=&#187;||0px||false|false&#187; global_colors_info=&#187;{}&#187;][\/et_pb_image][et_pb_text _builder_version=&#187;4.27.4&#8243; _module_preset=&#187;default&#187; text_text_color=&#187;#3b1806&#8243; text_font_size=&#187;18px&#187; text_line_height=&#187;1.4em&#187; header_2_font=&#187;|600|||||||&#187; header_2_text_color=&#187;#3b1806&#8243; header_2_font_size=&#187;32px&#187; header_2_line_height=&#187;1.2em&#187; custom_margin=&#187;0px||||false|false&#187; custom_padding=&#187;0px|1em|1em|1em|false|true&#187; global_colors_info=&#187;{}&#187;]<\/p>\n<p><strong>FAQ<br \/><\/strong>Hier finden Sie schnelle Antworten auf die h\u00e4ufigsten Fragen zu Ihrem Aufenthalt \u2013 von Ausstattung \u00fcber Buchung bis hin zu besonderen Services.<\/p>\n<p>[\/et_pb_text][et_pb_button button_url=&#187;@ET-DC@eyJkeW5hbWljIjp0cnVlLCJjb250ZW50IjoicG9zdF9saW5rX3VybF9wYWdlIiwic2V0dGluZ3MiOnsicG9zdF9pZCI6IjIyOSJ9fQ==@&#187; button_text=&#187;FAQ&#187; button_alignment=&#187;left&#187; _builder_version=&#187;4.27.5&#8243; _dynamic_attributes=&#187;button_url&#187; _module_preset=&#187;default&#187; custom_button=&#187;on&#187; button_text_size=&#187;16px&#187; button_text_color=&#187;#3b1806&#8243; button_bg_color=&#187;#f5f0e9&#8243; button_border_color=&#187;#3b1806&#8243; button_border_radius=&#187;8px&#187; button_use_icon=&#187;off&#187; custom_margin=&#187;0em||2em|1em|false|false&#187; custom_padding=&#187;3px|1.5em|3px|1.5em|true|true&#187; hover_enabled=&#187;0&#8243; global_colors_info=&#187;{}&#187; button_bg_color__hover_enabled=&#187;on|desktop&#187; button_text_color__hover=&#187;#FFFFFF&#187; button_text_color__hover_enabled=&#187;on|hover&#187; button_bg_color__hover=&#187;#c10c19&#8243; button_bg_enable_color__hover=&#187;on&#187; button_border_color__hover_enabled=&#187;on|desktop&#187; button_border_color__hover=&#187;#c10c19&#8243; sticky_enabled=&#187;0&#8243;][\/et_pb_button][\/et_pb_column][\/et_pb_row][\/et_pb_section][et_pb_section fb_built=&#187;1&#8243; custom_padding_last_edited=&#187;on|phone&#187; _builder_version=&#187;4.27.4&#8243; _module_preset=&#187;default&#187; background_color=&#187;#F5F0E9&#8243; custom_padding_tablet=&#187;&#187; custom_padding_phone=&#187;||0px||false|false&#187; global_colors_info=&#187;{}&#187;][et_pb_row column_structure=&#187;1_2,1_2&#8243; _builder_version=&#187;4.27.4&#8243; _module_preset=&#187;default&#187; width=&#187;100%&#187; max_width=&#187;1200px&#187; custom_margin_tablet=&#187;|||0px|false|false&#187; custom_margin_phone=&#187;|||0px|false|false&#187; custom_margin_last_edited=&#187;on|tablet&#187; custom_padding=&#187;||||false|false&#187; custom_css_free_form=&#187;.selector {||    display: flex;||    flex-direction: column-reverse;||}||||@media (min-width: 768px) {||    .selector {||        flex-direction: row;||    }||}&#187; global_colors_info=&#187;{}&#187;][et_pb_column type=&#187;1_2&#8243; _builder_version=&#187;4.27.4&#8243; _module_preset=&#187;default&#187; global_colors_info=&#187;{}&#187;][et_pb_text _builder_version=&#187;4.27.4&#8243; _module_preset=&#187;default&#187; text_text_color=&#187;#3b1806&#8243; text_font_size=&#187;18px&#187; text_line_height=&#187;1.4em&#187; header_2_font=&#187;|600|||||||&#187; header_2_text_color=&#187;#3b1806&#8243; header_2_font_size=&#187;32px&#187; header_2_line_height=&#187;1.2em&#187; width_tablet=&#187;100%&#187; width_phone=&#187;100%&#187; width_last_edited=&#187;on|tablet&#187; custom_padding=&#187;0em|2em||2em|false|false&#187; custom_padding_tablet=&#187;1em|2em||2em|false|false&#187; custom_padding_phone=&#187;||2em||false|false&#187; custom_padding_last_edited=&#187;on|tablet&#187; global_colors_info=&#187;{}&#187;]<\/p>\n<h2>Anreise und Taxiservice<\/h2>\n<p><strong>Saas-Fee ist autofrei<\/strong> \u2013 keine Sorge, wir k\u00fcmmern uns um Ihren bequemen Start in den Urlaub! Nach Ihrer Ankunft holen wir Sie gerne pers\u00f6nlich mit <strong>unserem Elektromobil<\/strong> im Parkhaus oder bei der Post ab und bringen Sie direkt zu Ihrer Ferienwohnung. Melden Sie sich einfach vorab bei uns, damit alles reibungslos klappt.<\/p>\n<p>[\/et_pb_text][\/et_pb_column][et_pb_column type=&#187;1_2&#8243; _builder_version=&#187;4.27.4&#8243; _module_preset=&#187;default&#187; global_colors_info=&#187;{}&#187;][et_pb_image src=&#187;https:\/\/www.alpenfirn.ch\/wp-content\/uploads\/2025\/10\/sujet_elektro.webp&#187; title_text=&#187;sujet_elektro&#187; _builder_version=&#187;4.27.5&#8243; _module_preset=&#187;default&#187; global_colors_info=&#187;{}&#187;][\/et_pb_image][\/et_pb_column][\/et_pb_row][\/et_pb_section][et_pb_section fb_built=&#187;1&#8243; custom_padding_last_edited=&#187;on|phone&#187; _builder_version=&#187;4.27.4&#8243; _module_preset=&#187;default&#187; background_color=&#187;#FFFFFF&#187; custom_padding_tablet=&#187;&#187; custom_padding_phone=&#187;||0px||false|false&#187; global_colors_info=&#187;{}&#187;][et_pb_row column_structure=&#187;1_2,1_2&#8243; make_equal=&#187;on&#187; _builder_version=&#187;4.27.4&#8243; _module_preset=&#187;default&#187; global_colors_info=&#187;{}&#187;][et_pb_column type=&#187;1_2&#8243; _builder_version=&#187;4.27.4&#8243; _module_preset=&#187;default&#187; background_color=&#187;#F5F0E9&#8243; global_colors_info=&#187;{}&#187;][et_pb_image src=&#187;https:\/\/www.alpenfirn.ch\/wp-content\/uploads\/2025\/10\/sujet-magicpass_2.webp&#187; title_text=&#187;sujet-magicpass_2&#8243; _builder_version=&#187;4.27.5&#8243; _module_preset=&#187;default&#187; global_colors_info=&#187;{}&#187;][\/et_pb_image][et_pb_text _builder_version=&#187;4.27.4&#8243; _module_preset=&#187;default&#187; text_text_color=&#187;#3b1806&#8243; text_font_size=&#187;18px&#187; text_line_height=&#187;1.5em&#187; header_2_font=&#187;|600|||||||&#187; header_2_text_color=&#187;#3b1806&#8243; header_2_font_size=&#187;32px&#187; header_2_line_height=&#187;1.2em&#187; custom_margin=&#187;0px||2em||false|false&#187; custom_padding=&#187;0px||0em|1em|false|false&#187; global_colors_info=&#187;{}&#187;]<\/p>\n<p><strong>Magic Pass<br \/><\/strong>Die Skigebiete Saas-Fee und Saas-Almagell sind Teil des Magic Pass, damit erhalen Sie unbegrenzten Zugang zu den Liften<\/p>\n<p>[\/et_pb_text][et_pb_button button_url=&#187;https:\/\/www.magicpass.ch\/de\/&#187; url_new_window=&#187;on&#187; button_text=&#187;Mehr erfahren&#187; button_alignment=&#187;left&#187; _builder_version=&#187;4.27.4&#8243; _module_preset=&#187;default&#187; custom_button=&#187;on&#187; button_text_size=&#187;16px&#187; button_text_color=&#187;#3b1806&#8243; button_bg_color=&#187;RGBA(255,255,255,0)&#187; button_border_color=&#187;#3b1806&#8243; button_border_radius=&#187;8px&#187; button_use_icon=&#187;off&#187; custom_margin=&#187;0em||2em|1em|false|false&#187; custom_padding=&#187;3px|1em|3px|1em|true|true&#187; global_colors_info=&#187;{}&#187; button_bg_color__hover_enabled=&#187;on|desktop&#187; button_text_color__hover=&#187;#FFFFFF&#187; button_text_color__hover_enabled=&#187;on|hover&#187; button_bg_color__hover=&#187;#c10c19&#8243; button_bg_enable_color__hover=&#187;on&#187; button_border_color__hover_enabled=&#187;on|desktop&#187; button_border_color__hover=&#187;#c10c19&#8243;][\/et_pb_button][\/et_pb_column][et_pb_column type=&#187;1_2&#8243; _builder_version=&#187;4.27.4&#8243; _module_preset=&#187;default&#187; background_color=&#187;#F5F0E9&#8243; global_colors_info=&#187;{}&#187;][et_pb_image src=&#187;https:\/\/www.alpenfirn.ch\/wp-content\/uploads\/2025\/10\/sujet_saastalcard-3.webp&#187; title_text=&#187;sujet_saastalcard-3&#8243; _builder_version=&#187;4.27.5&#8243; _module_preset=&#187;default&#187; global_colors_info=&#187;{}&#187;][\/et_pb_image][et_pb_text _builder_version=&#187;4.27.4&#8243; _module_preset=&#187;default&#187; text_text_color=&#187;#3b1806&#8243; text_font_size=&#187;18px&#187; text_line_height=&#187;1.5em&#187; header_2_font=&#187;|600|||||||&#187; header_2_text_color=&#187;#3b1806&#8243; header_2_font_size=&#187;32px&#187; header_2_line_height=&#187;1.2em&#187; custom_margin=&#187;0px||2em||false|false&#187; custom_padding=&#187;0px||0em|1em|false|false&#187; global_colors_info=&#187;{}&#187;]<\/p>\n<p><strong>Saastal Card<br \/><\/strong>Ab der 1. \u00dcbernachtung profitieren Sie von Erm\u00e4ssigungen und kostenlosen Fahrten mit dem Postauto.<\/p>\n<p>[\/et_pb_text][et_pb_button button_url=&#187;https:\/\/www.saas-fee.ch\/de\/saastalcard&#187; url_new_window=&#187;on&#187; button_text=&#187;Mehr erfahren&#187; button_alignment=&#187;left&#187; _builder_version=&#187;4.27.4&#8243; _module_preset=&#187;default&#187; custom_button=&#187;on&#187; button_text_size=&#187;16px&#187; button_text_color=&#187;#3b1806&#8243; button_bg_color=&#187;RGBA(255,255,255,0)&#187; button_border_color=&#187;#3b1806&#8243; button_border_radius=&#187;8px&#187; button_use_icon=&#187;off&#187; custom_margin=&#187;0em||2em|1em|false|false&#187; custom_padding=&#187;3px|1em|3px|1em|true|true&#187; global_colors_info=&#187;{}&#187; button_bg_color__hover_enabled=&#187;on|desktop&#187; button_text_color__hover=&#187;#FFFFFF&#187; button_text_color__hover_enabled=&#187;on|hover&#187; button_bg_color__hover=&#187;#c10c19&#8243; button_bg_enable_color__hover=&#187;on&#187; button_border_color__hover_enabled=&#187;on|desktop&#187; button_border_color__hover=&#187;#c10c19&#8243;][\/et_pb_button][\/et_pb_column][\/et_pb_row][\/et_pb_section]<\/p>\n","protected":false},"excerpt":{"rendered":"<p>Gut zu wissenSaas-Fee \u2013 Die Perle der AlpenInfos rund um Haus &amp; Region Damit Ihr Aufenthalt rundum entspannt wird, finden Sie hier alle wichtigen Informationen zu unserem Ferienhaus und zur Region Saas-Fee. Entdecken Sie Tipps zur Anreise, erfahren Sie, warum unsere Ferienwohnungen besonders familienfreundlich sind, und st\u00f6bern Sie in den h\u00e4ufig gestellten Fragen. Ausserdem haben [&hellip;]<\/p>\n","protected":false},"author":1,"featured_media":0,"parent":0,"menu_order":0,"comment_status":"closed","ping_status":"closed","template":"","meta":{"_et_pb_use_builder":"on","_et_pb_old_content":"","_et_gb_content_width":"","inline_featured_image":false,"footnotes":""},"class_list":["post-218","page","type-page","status-publish","hentry"],"_links":{"self":[{"href":"https:\/\/www.alpenfirn.ch\/en\/wp-json\/wp\/v2\/pages\/218","targetHints":{"allow":["GET"]}}],"collection":[{"href":"https:\/\/www.alpenfirn.ch\/en\/wp-json\/wp\/v2\/pages"}],"about":[{"href":"https:\/\/www.alpenfirn.ch\/en\/wp-json\/wp\/v2\/types\/page"}],"author":[{"embeddable":true,"href":"https:\/\/www.alpenfirn.ch\/en\/wp-json\/wp\/v2\/users\/1"}],"replies":[{"embeddable":true,"href":"https:\/\/www.alpenfirn.ch\/en\/wp-json\/wp\/v2\/comments?post=218"}],"version-history":[{"count":14,"href":"https:\/\/www.alpenfirn.ch\/en\/wp-json\/wp\/v2\/pages\/218\/revisions"}],"predecessor-version":[{"id":682,"href":"https:\/\/www.alpenfirn.ch\/en\/wp-json\/wp\/v2\/pages\/218\/revisions\/682"}],"wp:attachment":[{"href":"https:\/\/www.alpenfirn.ch\/en\/wp-json\/wp\/v2\/media?parent=218"}],"curies":[{"name":"wp","href":"https:\/\/api.w.org\/{rel}","templated":true}]}}