{"id":222,"date":"2025-10-09T12:09:25","date_gmt":"2025-10-09T10:09:25","guid":{"rendered":"https:\/\/www.alpenfirn.ch.copernicus.sui-inter.net\/?page_id=222"},"modified":"2025-12-16T16:50:59","modified_gmt":"2025-12-16T15:50:59","slug":"ueber-uns","status":"publish","type":"page","link":"https:\/\/www.alpenfirn.ch\/en\/ueber-uns\/","title":{"rendered":"About us"},"content":{"rendered":"<p>[et_pb_section fb_built=&#187;1&#8243; _builder_version=&#187;4.27.5&#8243; _module_preset=&#187;default&#187; background_image=&#187;https:\/\/www.alpenfirn.ch\/wp-content\/uploads\/2025\/12\/alpenfirn_saas-fee_05.webp&#187; background_position=&#187;top_center&#187; background_vertical_offset=&#187;39%&#187; height=&#187;35vh&#187; height_tablet=&#187;60vh&#187; height_phone=&#187;50vh&#187; height_last_edited=&#187;on|phone&#187; border_width_bottom=&#187;8px&#187; border_color_bottom=&#187;#FFFFFF&#187; global_colors_info=&#187;{}&#187;][et_pb_row _builder_version=&#187;4.27.4&#8243; _module_preset=&#187;default&#187; min_height=&#187;100%&#187; custom_margin=&#187;||||false|false&#187; custom_css_main_element=&#187;display:flex;||justify-content:center;||align-items:center;&#187; global_colors_info=&#187;{}&#187;][et_pb_column type=&#187;4_4&#8243; _builder_version=&#187;4.27.4&#8243; _module_preset=&#187;default&#187; global_colors_info=&#187;{}&#187;][et_pb_text _builder_version=&#187;4.27.4&#8243; _module_preset=&#187;default&#187; text_font=&#187;|600|||||||&#187; text_text_color=&#187;#FFFFFF&#187; text_font_size=&#187;60px&#187; text_line_height=&#187;1.1em&#187; text_orientation=&#187;center&#187; custom_margin=&#187;||0px||false|false&#187; custom_padding=&#187;||0px||false|false&#187; text_font_size_tablet=&#187;60px&#187; text_font_size_phone=&#187;45px&#187; text_font_size_last_edited=&#187;on|phone&#187; text_text_shadow_style=&#187;preset1&#8243; text_text_shadow_horizontal_length=&#187;0.04em&#187; text_text_shadow_vertical_length=&#187;0.06em&#187; text_text_shadow_blur_strength=&#187;0.07em&#187; global_colors_info=&#187;{}&#187;]<\/p>\n<p>\u00dcber uns<\/p>\n<p>[\/et_pb_text][et_pb_text _builder_version=&#187;4.27.4&#8243; _module_preset=&#187;default&#187; text_font=&#187;|600|||||||&#187; text_text_color=&#187;#FFFFFF&#187; text_font_size=&#187;42px&#187; text_line_height=&#187;1.1em&#187; text_orientation=&#187;center&#187; custom_margin=&#187;10px||||false|false&#187; custom_padding=&#187;10px||||false|false&#187; text_font_size_tablet=&#187;42px&#187; text_font_size_phone=&#187;25px&#187; text_font_size_last_edited=&#187;on|phone&#187; text_text_shadow_style=&#187;preset1&#8243; text_text_shadow_horizontal_length=&#187;0.04em&#187; text_text_shadow_vertical_length=&#187;0.06em&#187; text_text_shadow_blur_strength=&#187;0.07em&#187; global_colors_info=&#187;{}&#187;]<\/p>\n<p>Willkommen in Saas-Fee<\/p>\n<p>[\/et_pb_text][\/et_pb_column][\/et_pb_row][\/et_pb_section][et_pb_section fb_built=&#187;1&#8243; custom_padding_last_edited=&#187;on|phone&#187; _builder_version=&#187;4.27.4&#8243; _module_preset=&#187;default&#187; background_color=&#187;#f5f0e9&#8243; custom_margin=&#187;0em||||false|false&#187; custom_padding=&#187;2em||2em||false|false&#187; custom_padding_tablet=&#187;&#187; custom_padding_phone=&#187;||0px||false|false&#187; global_colors_info=&#187;{}&#187;][et_pb_row column_structure=&#187;1_2,1_2&#8243; _builder_version=&#187;4.27.4&#8243; _module_preset=&#187;default&#187; width=&#187;100%&#187; max_width=&#187;1200px&#187; custom_margin_tablet=&#187;|||0px|false|false&#187; custom_margin_phone=&#187;|||0px|false|false&#187; custom_margin_last_edited=&#187;on|tablet&#187; custom_padding=&#187;||||false|false&#187; custom_css_free_form=&#187;.selector {||    display: flex;||    flex-direction: column-reverse;||}||||@media (min-width: 768px) {||    .selector {||        flex-direction: row;||    }||}&#187; global_colors_info=&#187;{}&#187;][et_pb_column type=&#187;1_2&#8243; _builder_version=&#187;4.27.4&#8243; _module_preset=&#187;default&#187; global_colors_info=&#187;{}&#187;][et_pb_image src=&#187;https:\/\/www.alpenfirn.ch.copernicus.sui-inter.net\/wp-content\/uploads\/2025\/10\/gastgeber_alpenfirn_gipfel.webp&#187; title_text=&#187;gastgeber_alpenfirn_gipfel&#187; _builder_version=&#187;4.27.4&#8243; _module_preset=&#187;default&#187; global_colors_info=&#187;{}&#187;][\/et_pb_image][\/et_pb_column][et_pb_column type=&#187;1_2&#8243; _builder_version=&#187;4.27.4&#8243; _module_preset=&#187;default&#187; global_colors_info=&#187;{}&#187;][et_pb_text _builder_version=&#187;4.27.4&#8243; _module_preset=&#187;default&#187; text_text_color=&#187;#3b1806&#8243; text_font_size=&#187;18px&#187; text_line_height=&#187;1.4em&#187; header_2_font=&#187;|600|||||||&#187; header_2_text_color=&#187;#3b1806&#8243; header_2_font_size=&#187;32px&#187; header_2_line_height=&#187;1.4em&#187; width_tablet=&#187;100%&#187; width_phone=&#187;100%&#187; width_last_edited=&#187;on|tablet&#187; custom_padding=&#187;4em|2em||2em|false|false&#187; custom_padding_tablet=&#187;1em|2em||2em|false|false&#187; custom_padding_phone=&#187;||2em||false|false&#187; custom_padding_last_edited=&#187;on|tablet&#187; global_colors_info=&#187;{}&#187;]<\/p>\n<h2>Mit Herz, Leidenschaft &amp; pers\u00f6nlichem Service<\/h2>\n<p>Wir, die Familie Bumann, freuen uns, Sie in unserem Ferienhaus willkommen zu heissen. F\u00fcr uns bedeutet Gastfreundschaft, dass Sie sich rundum wohlf\u00fchlen \u2013 mit gem\u00fctlichen Ferienwohnungen, pers\u00f6nlichem Service und vielen Tipps, um die Sch\u00f6nheiten von Saas-Fee zu entdecken. Bei uns sind Sie nicht nur G\u00e4ste, sondern willkommen wie zuhause.<\/p>\n<p>[\/et_pb_text][\/et_pb_column][\/et_pb_row][\/et_pb_section][et_pb_section fb_built=&#187;1&#8243; _builder_version=&#187;4.27.4&#8243; _module_preset=&#187;default&#187; global_colors_info=&#187;{}&#187;][et_pb_row _builder_version=&#187;4.27.4&#8243; _module_preset=&#187;default&#187; custom_margin=&#187;0px||0px||false|false&#187; custom_padding=&#187;1em||1em||false|false&#187; global_colors_info=&#187;{}&#187;][et_pb_column type=&#187;4_4&#8243; _builder_version=&#187;4.27.4&#8243; _module_preset=&#187;default&#187; global_colors_info=&#187;{}&#187;][et_pb_text _builder_version=&#187;4.27.4&#8243; _module_preset=&#187;default&#187; text_text_color=&#187;#3b1806&#8243; text_font_size=&#187;18px&#187; text_line_height=&#187;1.4em&#187; header_2_font=&#187;|600|||||||&#187; header_2_text_color=&#187;#3b1806&#8243; header_2_font_size=&#187;32px&#187; header_2_line_height=&#187;1.2em&#187; text_orientation=&#187;center&#187; custom_padding=&#187;0px||||false|false&#187; global_colors_info=&#187;{}&#187;]<\/p>\n<h2>Unsere Philosophie<\/h2>\n<p>[\/et_pb_text][\/et_pb_column][\/et_pb_row][et_pb_row column_structure=&#187;1_2,1_2&#8243; use_custom_gutter=&#187;on&#187; gutter_width=&#187;2&#8243; make_equal=&#187;on&#187; custom_padding_last_edited=&#187;on|desktop&#187; _builder_version=&#187;4.27.4&#8243; _module_preset=&#187;default&#187; width_tablet=&#187;92%&#187; width_phone=&#187;92%&#187; width_last_edited=&#187;on|tablet&#187; max_width=&#187;1200px&#187; custom_margin=&#187;||||false|false&#187; custom_margin_tablet=&#187;|||0px|false|false&#187; custom_margin_phone=&#187;|||0px|false|false&#187; custom_margin_last_edited=&#187;on|tablet&#187; custom_padding=&#187;||||false|false&#187; custom_padding_tablet=&#187;||||false|false&#187; custom_padding_phone=&#187;||||false|false&#187; module_alignment_tablet=&#187;center&#187; module_alignment_phone=&#187;center&#187; module_alignment_last_edited=&#187;on|tablet&#187; global_colors_info=&#187;{}&#187;][et_pb_column type=&#187;1_2&#8243; _builder_version=&#187;4.27.4&#8243; _module_preset=&#187;default&#187; background_color=&#187;#F5F0E9&#8243; global_colors_info=&#187;{}&#187;][et_pb_image src=&#187;https:\/\/www.alpenfirn.ch\/wp-content\/uploads\/2025\/10\/\u00a9SaastalTourismusAG-sonnenuntergang.webp&#187; title_text=&#187;\u00a9SaastalTourismusAG-sonnenuntergang&#187; _builder_version=&#187;4.27.5&#8243; _module_preset=&#187;default&#187; custom_margin=&#187;||1em||false|false&#187; custom_padding=&#187;||0px||false|false&#187; hover_enabled=&#187;0&#8243; global_colors_info=&#187;{}&#187; sticky_enabled=&#187;0&#8243;][\/et_pb_image][et_pb_text _builder_version=&#187;4.27.4&#8243; _module_preset=&#187;default&#187; text_text_color=&#187;#3b1806&#8243; text_font_size=&#187;18px&#187; text_line_height=&#187;1.4em&#187; header_2_font=&#187;|600|||||||&#187; header_2_text_color=&#187;#3b1806&#8243; header_2_font_size=&#187;32px&#187; header_2_line_height=&#187;1.2em&#187; header_3_font=&#187;Roboto|||on|||||&#187; header_3_font_size=&#187;21px&#187; custom_margin=&#187;2em||2em||false|false&#187; custom_padding=&#187;0px||1em|1em|false|false&#187; global_colors_info=&#187;{}&#187;]<\/p>\n<h3>Entspannen, Wohlf\u00fchlen, Geniessen<\/h3>\n<p>F\u00fcr Ihre wohlverdienten Urlaubstage inmitten einer reizvollen und atemberaubenden Bergwelt bieten wir Ihnen Komfort und angenehmes Ambiente in unseren liebevoll eingerichteteten Ferienwohnungen in der N\u00e4he der Skiarena.<\/p>\n<p>[\/et_pb_text][\/et_pb_column][et_pb_column type=&#187;1_2&#8243; _builder_version=&#187;4.27.4&#8243; _module_preset=&#187;default&#187; background_color=&#187;#F5F0E9&#8243; global_colors_info=&#187;{}&#187;][et_pb_image src=&#187;https:\/\/www.alpenfirn.ch.copernicus.sui-inter.net\/wp-content\/uploads\/2025\/10\/gastgeber_alpenfirn_sommer.webp&#187; title_text=&#187;gastgeber_alpenfirn_sommer&#187; _builder_version=&#187;4.27.4&#8243; _module_preset=&#187;default&#187; custom_margin=&#187;||1em||false|false&#187; custom_padding=&#187;||0px||false|false&#187; global_colors_info=&#187;{}&#187;][\/et_pb_image][et_pb_text _builder_version=&#187;4.27.4&#8243; _module_preset=&#187;default&#187; text_text_color=&#187;#3b1806&#8243; text_font_size=&#187;18px&#187; text_line_height=&#187;1.4em&#187; header_2_font=&#187;|600|||||||&#187; header_2_text_color=&#187;#3b1806&#8243; header_2_font_size=&#187;32px&#187; header_2_line_height=&#187;1.2em&#187; header_3_font=&#187;Roboto|||on|||||&#187; header_3_font_size=&#187;21px&#187; custom_margin=&#187;2em||2em||false|false&#187; custom_padding=&#187;0px||1em|1em|false|false&#187; global_colors_info=&#187;{}&#187;]<\/p>\n<h3>Herzlich &amp; Privat<\/h3>\n<p>Das Herz am rechten Fleck, Gastlichkeit mit W\u00e4rme, pers\u00f6nliche Anteilnahme, Service aus Aufmerksamkeit, ein privates Wort, gesunde Natur und vieles Mehr&#8230; DAS z\u00e4hlt f\u00fcr uns.<\/p>\n<p>[\/et_pb_text][\/et_pb_column][\/et_pb_row][\/et_pb_section][et_pb_section fb_built=&#187;1&#8243; custom_padding_last_edited=&#187;on|phone&#187; _builder_version=&#187;4.27.4&#8243; _module_preset=&#187;default&#187; background_color=&#187;#f5f0e9&#8243; custom_margin=&#187;0em||||false|false&#187; custom_padding=&#187;2em||2em||false|false&#187; custom_padding_tablet=&#187;&#187; custom_padding_phone=&#187;||0px||false|false&#187; global_colors_info=&#187;{}&#187;][et_pb_row column_structure=&#187;1_2,1_2&#8243; _builder_version=&#187;4.27.4&#8243; _module_preset=&#187;default&#187; width=&#187;100%&#187; max_width=&#187;1200px&#187; custom_margin_tablet=&#187;|||0px|false|false&#187; custom_margin_phone=&#187;|||0px|false|false&#187; custom_margin_last_edited=&#187;on|tablet&#187; custom_padding=&#187;||||false|false&#187; custom_css_free_form=&#187;.selector {||    display: flex;||    flex-direction: column-reverse;||}||||@media (min-width: 768px) {||    .selector {||        flex-direction: row;||    }||}&#187; global_colors_info=&#187;{}&#187;][et_pb_column type=&#187;1_2&#8243; _builder_version=&#187;4.27.4&#8243; _module_preset=&#187;default&#187; global_colors_info=&#187;{}&#187;][et_pb_image src=&#187;https:\/\/www.alpenfirn.ch\/wp-content\/uploads\/2025\/10\/\u00a9SaastalTourismusAG-Murmeltier.webp&#187; title_text=&#187;\u00a9SaastalTourismusAG-Murmeltier&#187; _builder_version=&#187;4.27.5&#8243; _module_preset=&#187;default&#187; hover_enabled=&#187;0&#8243; global_colors_info=&#187;{}&#187; sticky_enabled=&#187;0&#8243;][\/et_pb_image][\/et_pb_column][et_pb_column type=&#187;1_2&#8243; _builder_version=&#187;4.27.4&#8243; _module_preset=&#187;default&#187; global_colors_info=&#187;{}&#187;][et_pb_text _builder_version=&#187;4.27.4&#8243; _module_preset=&#187;default&#187; text_text_color=&#187;#3b1806&#8243; text_font_size=&#187;18px&#187; text_line_height=&#187;1.4em&#187; header_2_font=&#187;|600|||||||&#187; header_2_text_color=&#187;#3b1806&#8243; header_2_font_size=&#187;32px&#187; header_2_line_height=&#187;1.4em&#187; width_tablet=&#187;100%&#187; width_phone=&#187;100%&#187; width_last_edited=&#187;on|tablet&#187; custom_padding=&#187;3em|2em||1em|false|false&#187; custom_padding_tablet=&#187;1em|2em||2em|false|false&#187; custom_padding_phone=&#187;||2em||false|false&#187; custom_padding_last_edited=&#187;on|tablet&#187; global_colors_info=&#187;{}&#187;]<\/p>\n<h2>Familienfreundlich<\/h2>\n<p>Urlaub mit der ganzen Familie soll entspannend und unvergesslich sein \u2013 und genau das erm\u00f6glichen wir! Unsere Ferienwohnungen bieten viel Platz, kindgerechte Ausstattung und eine gem\u00fctliche Atmosph\u00e4re, in der sich Gross und Klein sofort wohlf\u00fchlen. Dazu gibt es jede Menge Tipps f\u00fcr Ausfl\u00fcge, Spiel und Spass in Saas-Fee und Umgebung, damit die Ferientage f\u00fcr alle zu einem Highlight werden.<\/p>\n<p>[\/et_pb_text][et_pb_button button_url=&#187;@ET-DC@eyJkeW5hbWljIjp0cnVlLCJjb250ZW50IjoicG9zdF9saW5rX3VybF9wYWdlIiwic2V0dGluZ3MiOnsicG9zdF9pZCI6IjIzMyJ9fQ==@&#187; button_text=&#187;Familien Willkommen&#187; button_alignment=&#187;left&#187; _builder_version=&#187;4.27.4&#8243; _dynamic_attributes=&#187;button_url&#187; _module_preset=&#187;default&#187; custom_button=&#187;on&#187; button_text_size=&#187;16px&#187; button_text_color=&#187;#3B1806&#8243; button_border_color=&#187;#3b1806&#8243; button_border_radius=&#187;8px&#187; button_use_icon=&#187;off&#187; background_layout=&#187;dark&#187; custom_margin=&#187;|||1em|false|false&#187; custom_padding=&#187;5px|1.5em|5px|1.5em|true|true&#187; global_colors_info=&#187;{}&#187; button_bg_color__hover_enabled=&#187;on|desktop&#187; button_text_color__hover=&#187;#FFFFFF&#187; button_text_color__hover_enabled=&#187;on|hover&#187; button_bg_color__hover=&#187;#c10c19&#8243; button_bg_enable_color__hover=&#187;on&#187; button_border_color__hover_enabled=&#187;on|desktop&#187; button_border_color__hover=&#187;#c10c19&#8243;][\/et_pb_button][\/et_pb_column][\/et_pb_row][\/et_pb_section][et_pb_section fb_built=&#187;1&#8243; _builder_version=&#187;4.27.4&#8243; _module_preset=&#187;default&#187; global_colors_info=&#187;{}&#187;][et_pb_row _builder_version=&#187;4.27.4&#8243; _module_preset=&#187;default&#187; global_colors_info=&#187;{}&#187;][et_pb_column type=&#187;4_4&#8243; _builder_version=&#187;4.27.4&#8243; _module_preset=&#187;default&#187; global_colors_info=&#187;{}&#187;][et_pb_text _builder_version=&#187;4.27.4&#8243; _module_preset=&#187;default&#187; text_text_color=&#187;#3b1806&#8243; text_font_size=&#187;18px&#187; text_line_height=&#187;1.4em&#187; header_2_font=&#187;|600|||||||&#187; header_2_text_color=&#187;#3b1806&#8243; header_2_font_size=&#187;32px&#187; header_2_line_height=&#187;1.2em&#187; text_orientation=&#187;center&#187; custom_padding=&#187;0px||||false|false&#187; global_colors_info=&#187;{}&#187;]<\/p>\n<h2>G\u00e4stestimmen<\/h2>\n<p>[\/et_pb_text][et_pb_testimonial author=&#187;Marie-Luise&#187; job_title=&#187;Sommer 2025&#8243; quote_icon_color=&#187;#3B1806&#8243; quote_icon_background_color=&#187;#F5F0E9&#8243; font_icon=&#187;&#x7b;||divi||400&#8243; use_icon_font_size=&#187;on&#187; icon_font_size=&#187;55px&#187; _builder_version=&#187;4.27.4&#8243; _module_preset=&#187;default&#187; body_text_color=&#187;#3B1806&#8243; body_font_size=&#187;17px&#187; body_line_height=&#187;1.6em&#187; author_text_color=&#187;#50060B&#187; author_line_height=&#187;1.2em&#187; position_text_color=&#187;#50060B&#187; company_text_color=&#187;#50060B&#187; background_enable_color=&#187;off&#187; use_background_color=&#187;off&#187; text_orientation=&#187;center&#187; width=&#187;80%&#187; module_alignment=&#187;center&#187; custom_margin=&#187;||1em||false|false&#187; custom_padding=&#187;||1em||false|false&#187; global_colors_info=&#187;{}&#187;]<\/p>\n<p><strong>Ferienwohnung hell freundlichund Erholung pur.<\/strong><br \/>Die Ferienwohnung hat unsere Erwartungen \u00fcbertroffen, hell und ruhig wir haben wohlgef\u00fchlt, schlaf Zimmer war einladend, badezimmer war sehr sch\u00f6n K\u00fcche war perfekt hat alles was es braucht. Es war alles perfekt herzlicher empfangen.<br \/>Wir k\u00f6nnen die w\u00e4rmsten weiterempfehlen.<\/p>\n<p>[\/et_pb_testimonial][\/et_pb_column][\/et_pb_row][\/et_pb_section]<\/p>\n","protected":false},"excerpt":{"rendered":"<p>\u00dcber unsWillkommen in Saas-FeeMit Herz, Leidenschaft &amp; pers\u00f6nlichem Service Wir, die Familie Bumann, freuen uns, Sie in unserem Ferienhaus willkommen zu heissen. F\u00fcr uns bedeutet Gastfreundschaft, dass Sie sich rundum wohlf\u00fchlen \u2013 mit gem\u00fctlichen Ferienwohnungen, pers\u00f6nlichem Service und vielen Tipps, um die Sch\u00f6nheiten von Saas-Fee zu entdecken. Bei uns sind Sie nicht nur G\u00e4ste, sondern [&hellip;]<\/p>\n","protected":false},"author":1,"featured_media":0,"parent":0,"menu_order":0,"comment_status":"closed","ping_status":"closed","template":"","meta":{"_et_pb_use_builder":"on","_et_pb_old_content":"","_et_gb_content_width":"","inline_featured_image":false,"footnotes":""},"class_list":["post-222","page","type-page","status-publish","hentry"],"_links":{"self":[{"href":"https:\/\/www.alpenfirn.ch\/en\/wp-json\/wp\/v2\/pages\/222","targetHints":{"allow":["GET"]}}],"collection":[{"href":"https:\/\/www.alpenfirn.ch\/en\/wp-json\/wp\/v2\/pages"}],"about":[{"href":"https:\/\/www.alpenfirn.ch\/en\/wp-json\/wp\/v2\/types\/page"}],"author":[{"embeddable":true,"href":"https:\/\/www.alpenfirn.ch\/en\/wp-json\/wp\/v2\/users\/1"}],"replies":[{"embeddable":true,"href":"https:\/\/www.alpenfirn.ch\/en\/wp-json\/wp\/v2\/comments?post=222"}],"version-history":[{"count":13,"href":"https:\/\/www.alpenfirn.ch\/en\/wp-json\/wp\/v2\/pages\/222\/revisions"}],"predecessor-version":[{"id":631,"href":"https:\/\/www.alpenfirn.ch\/en\/wp-json\/wp\/v2\/pages\/222\/revisions\/631"}],"wp:attachment":[{"href":"https:\/\/www.alpenfirn.ch\/en\/wp-json\/wp\/v2\/media?parent=222"}],"curies":[{"name":"wp","href":"https:\/\/api.w.org\/{rel}","templated":true}]}}