{"id":229,"date":"2025-10-09T10:20:58","date_gmt":"2025-10-09T08:20:58","guid":{"rendered":"https:\/\/www.alpenfirn.ch.copernicus.sui-inter.net\/?page_id=229"},"modified":"2026-01-15T14:00:51","modified_gmt":"2026-01-15T13:00:51","slug":"alpenfirn-faq","status":"publish","type":"page","link":"https:\/\/www.alpenfirn.ch\/en\/alpenfirn-faq\/","title":{"rendered":"FAQ"},"content":{"rendered":"<p>[et_pb_section fb_built=&#187;1&#8243; _builder_version=&#187;4.27.5&#8243; _module_preset=&#187;default&#187; background_image=&#187;https:\/\/www.alpenfirn.ch\/wp-content\/uploads\/2025\/10\/haus-alpenfirn-aussen-winternacht.webp&#187; background_position=&#187;top_center&#187; background_vertical_offset=&#187;39%&#187; height=&#187;35vh&#187; height_tablet=&#187;60vh&#187; height_phone=&#187;50vh&#187; height_last_edited=&#187;on|phone&#187; border_width_bottom=&#187;8px&#187; border_color_bottom=&#187;#FFFFFF&#187; global_colors_info=&#187;{}&#187;][et_pb_row _builder_version=&#187;4.27.4&#8243; _module_preset=&#187;default&#187; min_height=&#187;100%&#187; custom_margin=&#187;||||false|false&#187; custom_css_main_element=&#187;display:flex;||justify-content:center;||align-items:center;&#187; global_colors_info=&#187;{}&#187;][et_pb_column type=&#187;4_4&#8243; _builder_version=&#187;4.27.4&#8243; _module_preset=&#187;default&#187; global_colors_info=&#187;{}&#187;][et_pb_text _builder_version=&#187;4.27.4&#8243; _module_preset=&#187;default&#187; text_font=&#187;|600|||||||&#187; text_text_color=&#187;#FFFFFF&#187; text_font_size=&#187;60px&#187; text_line_height=&#187;1.1em&#187; text_orientation=&#187;center&#187; custom_margin=&#187;||0px||false|false&#187; custom_padding=&#187;||0px||false|false&#187; text_font_size_tablet=&#187;60px&#187; text_font_size_phone=&#187;45px&#187; text_font_size_last_edited=&#187;on|phone&#187; text_text_shadow_style=&#187;preset1&#8243; text_text_shadow_horizontal_length=&#187;0.04em&#187; text_text_shadow_vertical_length=&#187;0.06em&#187; text_text_shadow_blur_strength=&#187;0.07em&#187; global_colors_info=&#187;{}&#187;]<\/p>\n<p>Ferienwohnung Alpenfirn<\/p>\n<p>[\/et_pb_text][et_pb_text _builder_version=&#187;4.27.4&#8243; _module_preset=&#187;default&#187; text_font=&#187;|600|||||||&#187; text_text_color=&#187;#FFFFFF&#187; text_font_size=&#187;42px&#187; text_line_height=&#187;1.1em&#187; text_orientation=&#187;center&#187; custom_margin=&#187;10px||||false|false&#187; custom_padding=&#187;10px||||false|false&#187; text_font_size_tablet=&#187;42px&#187; text_font_size_phone=&#187;25px&#187; text_font_size_last_edited=&#187;on|phone&#187; text_text_shadow_style=&#187;preset1&#8243; text_text_shadow_horizontal_length=&#187;0.04em&#187; text_text_shadow_vertical_length=&#187;0.06em&#187; text_text_shadow_blur_strength=&#187;0.07em&#187; global_colors_info=&#187;{}&#187;]<\/p>\n<p>Sie haben Fragen?<\/p>\n<p>[\/et_pb_text][\/et_pb_column][\/et_pb_row][et_pb_row _builder_version=&#187;4.27.4&#8243; _module_preset=&#187;default&#187; global_colors_info=&#187;{}&#187;][et_pb_column type=&#187;4_4&#8243; _builder_version=&#187;4.27.4&#8243; _module_preset=&#187;default&#187; global_colors_info=&#187;{}&#187;][\/et_pb_column][\/et_pb_row][\/et_pb_section][et_pb_section fb_built=&#187;1&#8243; custom_padding_last_edited=&#187;off|desktop&#187; _builder_version=&#187;4.27.4&#8243; _module_preset=&#187;default&#187; background_color=&#187;#f5f0e9&#8243; custom_padding=&#187;||2em||false|false&#187; custom_padding_phone=&#187;||0px||false|false&#187; global_colors_info=&#187;{}&#187;][et_pb_row _builder_version=&#187;4.27.4&#8243; _module_preset=&#187;default&#187; global_colors_info=&#187;{}&#187;][et_pb_column type=&#187;4_4&#8243; _builder_version=&#187;4.27.4&#8243; _module_preset=&#187;default&#187; global_colors_info=&#187;{}&#187;][et_pb_text _builder_version=&#187;4.27.4&#8243; _module_preset=&#187;default&#187; text_text_color=&#187;#3b1806&#8243; text_font_size=&#187;18px&#187; text_line_height=&#187;1.4em&#187; header_2_font=&#187;|600|||||||&#187; header_2_text_color=&#187;#3b1806&#8243; header_2_font_size=&#187;32px&#187; header_2_line_height=&#187;1.2em&#187; text_orientation=&#187;center&#187; custom_padding=&#187;0px||||false|false&#187; global_colors_info=&#187;{}&#187;]<\/p>\n<h2>FAQ<\/h2>\n<p>Wir beantworten die h\u00e4ufigsten Fragen Rund um Ihren Aufenthalt im Alpenfirn.<\/p>\n<p>[\/et_pb_text][\/et_pb_column][\/et_pb_row][\/et_pb_section][et_pb_section fb_built=&#187;1&#8243; _builder_version=&#187;4.27.4&#8243; _module_preset=&#187;default&#187; global_colors_info=&#187;{}&#187;][et_pb_row _builder_version=&#187;4.27.4&#8243; _module_preset=&#187;default&#187; global_colors_info=&#187;{}&#187;][et_pb_column type=&#187;4_4&#8243; _builder_version=&#187;4.27.4&#8243; _module_preset=&#187;default&#187; global_colors_info=&#187;{}&#187;][et_pb_accordion open_toggle_text_color=&#187;#C10C19&#8243; open_toggle_background_color=&#187;#FFFFFF&#187; closed_toggle_background_color=&#187;#F5F0E9&#8243; icon_color=&#187;#C10C19&#8243; use_icon_font_size=&#187;on&#187; icon_font_size=&#187;32px&#187; _builder_version=&#187;4.27.5&#8243; _module_preset=&#187;default&#187; toggle_text_color=&#187;#3B1806&#8243; toggle_font_size=&#187;21px&#187; body_text_color=&#187;#3B1806&#8243; body_font_size=&#187;18px&#187; body_line_height=&#187;1.5em&#187; hover_enabled=&#187;0&#8243; border_width_all=&#187;0px&#187; border_width_bottom=&#187;4px&#187; border_color_bottom=&#187;#F5F0E9&#8243; global_colors_info=&#187;{}&#187; sticky_enabled=&#187;0&#8243;][et_pb_accordion_item title=&#187;Anreise mit \u00f6ffentlichen Verkehrsmitteln&#187; open=&#187;on&#187; _builder_version=&#187;4.27.4&#8243; _module_preset=&#187;default&#187; global_colors_info=&#187;{}&#187;]<\/p>\n<p>Bahnreisende erreichen das Saastal jetzt noch schneller durch den NEAT-Tunnel! Ab Basel und Z\u00fcrich in 2 Stunden bis Visp, dann umsteigen in das Postauto mit Direktziel Saas-Fee. Es bestehen halbst\u00fcndliche Verbindungen bis abends um 22.40 Uhr ab Visp (Freitag \/ Samstag 23.42 Uhr).<\/p>\n<p>[\/et_pb_accordion_item][et_pb_accordion_item title=&#187;Anreise mit Privatfahrzeug&#187; _builder_version=&#187;4.27.4&#8243; _module_preset=&#187;default&#187; global_colors_info=&#187;{}&#187; open=&#187;off&#187;]<\/p>\n<p>Automobilisten aus dem Norden reisen \u00fcber Bern durch den L\u00f6tschberg (Autoverlad), von Osten und S\u00fcden \u00fcber die Furka bzw. den Simplon an. Aus der Westschweiz erreichen Sie das Saastal \u00fcber Lausanne, entlang dem Rhonetal bis Visp. Im Sommer ist das Saastal \u00fcber die sch\u00f6nsten Alpenp\u00e4sse von Westen, Osten und S\u00fcden via Rhonetal erreichbar. Die Saastalstrasse ist wintersicher, Winterausr\u00fcstung wird empfohlen.<\/p>\n<p>[\/et_pb_accordion_item][et_pb_accordion_item title=&#187;Aussicht&#187; _builder_version=&#187;4.27.4&#8243; _module_preset=&#187;default&#187; global_colors_info=&#187;{}&#187; open=&#187;off&#187;]<\/p>\n<p>Die Wohnungen sind nach S\u00fcd\/Ost oder S\u00fcd\/West gerichtet und haben alle Blick auf die Berge.<\/p>\n<p>[\/et_pb_accordion_item][et_pb_accordion_item title=&#187;Bett-, Frottier-und K\u00fcchenw\u00e4sche&#187; _builder_version=&#187;4.27.4&#8243; _module_preset=&#187;default&#187; global_colors_info=&#187;{}&#187; open=&#187;off&#187;]<\/p>\n<p>Sind vorhanden. Betten sind bei Ihrer Ankunft bezogen.<\/p>\n<p>[\/et_pb_accordion_item][et_pb_accordion_item title=&#187;Betreuung&#187; _builder_version=&#187;4.27.4&#8243; _module_preset=&#187;default&#187; global_colors_info=&#187;{}&#187; open=&#187;off&#187;]<\/p>\n<p>Die Familie Bumann wohnt im gleichen Haus und betreut Sie pers\u00f6nlich.<\/p>\n<p>[\/et_pb_accordion_item][et_pb_accordion_item title=&#187;Bibliothek \/ Ludothek&#187; _builder_version=&#187;4.27.4&#8243; _module_preset=&#187;default&#187; global_colors_info=&#187;{}&#187; open=&#187;off&#187;]<\/p>\n<p>Im Treppenhaus k\u00f6nnen Sie B\u00fccher und verschiedene Spiele ausleihen.<\/p>\n<p>[\/et_pb_accordion_item][et_pb_accordion_item title=&#187;Check-in- \/ Check-out-Zeiten&#187; _builder_version=&#187;4.27.4&#8243; _module_preset=&#187;default&#187; global_colors_info=&#187;{}&#187; open=&#187;off&#187;]<\/p>\n<p>Die Wohnungen sind ab 13:00 Uhr bezugsbereit und bis 09:00 Uhr ist Check-out.<\/p>\n<p>[\/et_pb_accordion_item][et_pb_accordion_item title=&#187;Einrichtungen f\u00fcr Babys \/ Kinder&#187; _builder_version=&#187;4.27.4&#8243; _module_preset=&#187;default&#187; global_colors_info=&#187;{}&#187; open=&#187;off&#187;]<\/p>\n<p>Kinderbett, Hochstuhl, Wickelauflage, Kinderbadewanne etc. werden kostenlos zur Verf\u00fcgung gestellt. Bitte bei der Reservation angeben.<\/p>\n<p>[\/et_pb_accordion_item][et_pb_accordion_item title=&#187;Gep\u00e4ckaufbewahrung&#187; _builder_version=&#187;4.27.4&#8243; _module_preset=&#187;default&#187; global_colors_info=&#187;{}&#187; open=&#187;off&#187;]<\/p>\n<p>Ihr Gep\u00e4ck k\u00f6nnen Sie sowohl am Anreisetag vor Check-in oder am Abreisetage nach Check-out kostenlos einstellen.<\/p>\n<p>[\/et_pb_accordion_item][et_pb_accordion_item title=&#187;Gep\u00e4cktransport&#187; _builder_version=&#187;4.27.4&#8243; _module_preset=&#187;default&#187; global_colors_info=&#187;{}&#187; open=&#187;off&#187;]<\/p>\n<p>Saas-Fee ist autofrei. Das Auto lassen Sie beim Parkhaus stehen. Nach M\u00f6glichkeit werden wir Sie mit dem Gep\u00e4ck beim Busbahnhof oder beim Parkhaus abholen. Fragen Sie sich vor der Abfahrt zu Hause nach den M\u00f6glichkeiten.<\/p>\n<p>[\/et_pb_accordion_item][et_pb_accordion_item title=&#187;K\u00fcche&#187; _builder_version=&#187;4.27.5&#8243; _module_preset=&#187;default&#187; hover_enabled=&#187;0&#8243; global_colors_info=&#187;{}&#187; open=&#187;off&#187; sticky_enabled=&#187;0&#8243;]<\/p>\n<p>K\u00fcchen sind vollausgestattet mit: Kaffee Kapselmaschine von Delizio, Geschirrsp\u00fclmaschine, Wasserkocher, Kochfeld, Backofen, K\u00fchlschrank mit Gefrierfach.<br \/>Fonduegeschirr, Raclette-Tischgrill, Fleischfondue-Pfanne stehen kostenlos zur Verf\u00fcgung.<\/p>\n<p>[\/et_pb_accordion_item][et_pb_accordion_item title=&#187;Lage&#187; _builder_version=&#187;4.27.4&#8243; _module_preset=&#187;default&#187; global_colors_info=&#187;{}&#187; open=&#187;off&#187;]<\/p>\n<p>Sehr ruhige und sonnige Lage etwas oberhalb des Dorfzentrums und in der N\u00e4he zum Wald.<\/p>\n<p>[\/et_pb_accordion_item][et_pb_accordion_item title=&#187;Lebensmittelgesch\u00e4fte&#187; _builder_version=&#187;4.27.4&#8243; _module_preset=&#187;default&#187; global_colors_info=&#187;{}&#187; open=&#187;off&#187;]<\/p>\n<p>Im Dorf Saas-Fee gibt es mehrere Lebensmittelgesch\u00e4fte, B\u00e4ckereien und eine Metzgerei. Auch die Grossverteiler Coop und Migros, sowie Banken und Skischulen sind in wenigen Gehminuten erreichbar.<\/p>\n<p>[\/et_pb_accordion_item][et_pb_accordion_item title=&#187;Skipisten&#187; _builder_version=&#187;4.27.4&#8243; _module_preset=&#187;default&#187; global_colors_info=&#187;{}&#187; open=&#187;off&#187;]<\/p>\n<p>Die Skipisten sind in nur wenigen Gehminuten erreichbar. Abends k\u00f6nnen Sie mit den Skiern bis in die N\u00e4he des Alpenfirns fahren.<\/p>\n<p>[\/et_pb_accordion_item][et_pb_accordion_item title=&#187;Skiraum im Haus&#187; _builder_version=&#187;4.27.5&#8243; _module_preset=&#187;default&#187; hover_enabled=&#187;0&#8243; global_colors_info=&#187;{}&#187; open=&#187;off&#187; sticky_enabled=&#187;0&#8243;]<\/p>\n<p>Kostenloser beheizter Skiraum mit modernen Skischuhw\u00e4rmern.<\/p>\n<p>[\/et_pb_accordion_item][et_pb_accordion_item title=&#187;Spiel- und Liegewiese&#187; _builder_version=&#187;4.27.4&#8243; _module_preset=&#187;default&#187; global_colors_info=&#187;{}&#187; open=&#187;off&#187;]<\/p>\n<p>Vor dem Haus hat es eine Spiel- und Liegewiese mit Grillstelle, welche von all unseren G\u00e4sten genutzt werden kann. Verschiede Spielger\u00e4te stehen kostenlos zur Verf\u00fcgung.<\/p>\n<p>[\/et_pb_accordion_item][et_pb_accordion_item title=&#187;Trinkwasserqualit\u00e4t&#187; _builder_version=&#187;4.27.4&#8243; _module_preset=&#187;default&#187; global_colors_info=&#187;{}&#187; open=&#187;off&#187;]<\/p>\n<p>Das Leitungswasser hat ausgezeichnete Trinkwasserqualit\u00e4t.<\/p>\n<p>[\/et_pb_accordion_item][et_pb_accordion_item title=&#187;TV&#187; _builder_version=&#187;4.27.4&#8243; _module_preset=&#187;default&#187; global_colors_info=&#187;{}&#187; open=&#187;off&#187;]<\/p>\n<p>Alle Ferienwohnungen sind mit einem Kabelanschluss ausgestattet und liefert Ihnen zahlreiche<br \/>Fernseh- und Radioprogramme aus der ganzen Welt und in verschiedenen Sprachen.<\/p>\n<p>[\/et_pb_accordion_item][et_pb_accordion_item title=&#187;Waschmaschine&#187; _builder_version=&#187;4.27.4&#8243; _module_preset=&#187;default&#187; global_colors_info=&#187;{}&#187; open=&#187;off&#187;]<\/p>\n<p>In den Wohnungen hat es keine Waschmaschine. Sollten Sie einmal etwas waschen m\u00fcssen, k\u00f6nnen Sie dies gegen Geb\u00fchr der Vermieterin abgeben.<\/p>\n<p>[\/et_pb_accordion_item][et_pb_accordion_item title=&#187;WLAN-Internetzugang GRATIS&#187; _builder_version=&#187;4.27.4&#8243; _module_preset=&#187;default&#187; global_colors_info=&#187;{}&#187; open=&#187;off&#187;]<\/p>\n<p>In den Ferienwohnungen stehen Ihnen ein WLAN (Glasfaser) zur Verf\u00fcgung. Zugang mit Passwort finden Sie in der Informationsmappe vor Ort.<\/p>\n<p>[\/et_pb_accordion_item][\/et_pb_accordion][\/et_pb_column][\/et_pb_row][\/et_pb_section][et_pb_section fb_built=&#187;1&#8243; _builder_version=&#187;4.27.4&#8243; _module_preset=&#187;default&#187; background_color=&#187;#F5F0E9&#8243; global_colors_info=&#187;{}&#187;][et_pb_row _builder_version=&#187;4.27.4&#8243; _module_preset=&#187;default&#187; global_colors_info=&#187;{}&#187;][et_pb_column type=&#187;4_4&#8243; _builder_version=&#187;4.27.4&#8243; _module_preset=&#187;default&#187; global_colors_info=&#187;{}&#187;][et_pb_text _builder_version=&#187;4.27.4&#8243; _module_preset=&#187;default&#187; text_text_color=&#187;#3b1806&#8243; text_font_size=&#187;18px&#187; text_line_height=&#187;1.4em&#187; header_2_font=&#187;|600|||||||&#187; header_2_text_color=&#187;#3b1806&#8243; header_2_font_size=&#187;32px&#187; header_2_line_height=&#187;1.2em&#187; custom_padding=&#187;0px||||false|false&#187; global_colors_info=&#187;{}&#187;]<\/p>\n<p><strong>Im Preis inbegriffen sind:<\/strong><br \/>Bett- und Frottierw\u00e4sche, K\u00fcchent\u00fccher sowie Strom, Licht, Wasser, Heizung, KabelTV, WiFi<\/p>\n<p><strong>Zus\u00e4tzliche Kosten:<\/strong><br \/>Kurtaxe inklusive SaastalCard<\/p>\n<p>Kurtaxe Sommer pro Nacht: <br \/>CHF 7.00 f\u00fcr Erwachsene \/ CHF 3.50 f\u00fcr Kinder (6-16 Jahre)<\/p>\n<p>Kurtaxe Winter pro Nacht: <br \/>CHF 4.50 f\u00fcr Erwachsene \/ CHF 2.25 f\u00fcr Kinder (6-16 Jahre)<\/p>\n<p><strong>Endreinigung:<\/strong> <br \/>CHF 90.00<\/p>\n<p>[\/et_pb_text][\/et_pb_column][\/et_pb_row][\/et_pb_section]<\/p>\n","protected":false},"excerpt":{"rendered":"<p>Ferienwohnung AlpenfirnSie haben Fragen?FAQ Wir beantworten die h\u00e4ufigsten Fragen Rund um Ihren Aufenthalt im Alpenfirn.Bahnreisende erreichen das Saastal jetzt noch schneller durch den NEAT-Tunnel! Ab Basel und Z\u00fcrich in 2 Stunden bis Visp, dann umsteigen in das Postauto mit Direktziel Saas-Fee. Es bestehen halbst\u00fcndliche Verbindungen bis abends um 22.40 Uhr ab Visp (Freitag \/ Samstag [&hellip;]<\/p>\n","protected":false},"author":1,"featured_media":0,"parent":0,"menu_order":0,"comment_status":"closed","ping_status":"closed","template":"","meta":{"_et_pb_use_builder":"on","_et_pb_old_content":"","_et_gb_content_width":"","inline_featured_image":false,"footnotes":""},"class_list":["post-229","page","type-page","status-publish","hentry"],"_links":{"self":[{"href":"https:\/\/www.alpenfirn.ch\/en\/wp-json\/wp\/v2\/pages\/229","targetHints":{"allow":["GET"]}}],"collection":[{"href":"https:\/\/www.alpenfirn.ch\/en\/wp-json\/wp\/v2\/pages"}],"about":[{"href":"https:\/\/www.alpenfirn.ch\/en\/wp-json\/wp\/v2\/types\/page"}],"author":[{"embeddable":true,"href":"https:\/\/www.alpenfirn.ch\/en\/wp-json\/wp\/v2\/users\/1"}],"replies":[{"embeddable":true,"href":"https:\/\/www.alpenfirn.ch\/en\/wp-json\/wp\/v2\/comments?post=229"}],"version-history":[{"count":8,"href":"https:\/\/www.alpenfirn.ch\/en\/wp-json\/wp\/v2\/pages\/229\/revisions"}],"predecessor-version":[{"id":662,"href":"https:\/\/www.alpenfirn.ch\/en\/wp-json\/wp\/v2\/pages\/229\/revisions\/662"}],"wp:attachment":[{"href":"https:\/\/www.alpenfirn.ch\/en\/wp-json\/wp\/v2\/media?parent=229"}],"curies":[{"name":"wp","href":"https:\/\/api.w.org\/{rel}","templated":true}]}}