{"id":434,"date":"2025-10-09T13:02:45","date_gmt":"2025-10-09T11:02:45","guid":{"rendered":"https:\/\/www.alpenfirn.ch.copernicus.sui-inter.net\/?page_id=434"},"modified":"2025-12-16T15:49:49","modified_gmt":"2025-12-16T14:49:49","slug":"ferienwohnung-buchen","status":"publish","type":"page","link":"https:\/\/www.alpenfirn.ch\/en\/ferienwohnung-buchen\/","title":{"rendered":"Ferienwohnung &#8211; Buchen"},"content":{"rendered":"<p>[et_pb_section fb_built=&#187;1&#8243; _builder_version=&#187;4.27.5&#8243; _module_preset=&#187;default&#187; background_image=&#187;https:\/\/www.alpenfirn.ch\/wp-content\/uploads\/2025\/10\/haus-alpenfirn-aussen-winternacht.webp&#187; background_position=&#187;top_center&#187; background_vertical_offset=&#187;39%&#187; height=&#187;35vh&#187; height_tablet=&#187;60vh&#187; height_phone=&#187;50vh&#187; height_last_edited=&#187;on|phone&#187; hover_enabled=&#187;0&#8243; border_width_bottom=&#187;8px&#187; border_color_bottom=&#187;#FFFFFF&#187; global_colors_info=&#187;{}&#187; title_text=&#187;haus-alpenfirn-aussen-winternacht&#187; sticky_enabled=&#187;0&#8243;][et_pb_row _builder_version=&#187;4.27.4&#8243; _module_preset=&#187;default&#187; min_height=&#187;100%&#187; custom_margin=&#187;||||false|false&#187; custom_css_main_element=&#187;display:flex;||justify-content:center;||align-items:center;&#187; global_colors_info=&#187;{}&#187;][et_pb_column type=&#187;4_4&#8243; _builder_version=&#187;4.27.4&#8243; _module_preset=&#187;default&#187; global_colors_info=&#187;{}&#187;][et_pb_text _builder_version=&#187;4.27.4&#8243; _module_preset=&#187;default&#187; text_font=&#187;|600|||||||&#187; text_text_color=&#187;#FFFFFF&#187; text_font_size=&#187;60px&#187; text_line_height=&#187;1.1em&#187; text_orientation=&#187;center&#187; custom_margin=&#187;||0px||false|false&#187; custom_padding=&#187;||0px||false|false&#187; text_font_size_tablet=&#187;60px&#187; text_font_size_phone=&#187;45px&#187; text_font_size_last_edited=&#187;on|phone&#187; text_text_shadow_style=&#187;preset1&#8243; text_text_shadow_horizontal_length=&#187;0.04em&#187; text_text_shadow_vertical_length=&#187;0.06em&#187; text_text_shadow_blur_strength=&#187;0.07em&#187; global_colors_info=&#187;{}&#187;]<\/p>\n<p>Ihre Ferienwohnung <br \/>in Saas-Fee buchen<\/p>\n<p>[\/et_pb_text][\/et_pb_column][\/et_pb_row][et_pb_row _builder_version=&#187;4.27.4&#8243; _module_preset=&#187;default&#187; global_colors_info=&#187;{}&#187;][et_pb_column type=&#187;4_4&#8243; _builder_version=&#187;4.27.4&#8243; _module_preset=&#187;default&#187; global_colors_info=&#187;{}&#187;][\/et_pb_column][\/et_pb_row][\/et_pb_section][et_pb_section fb_built=&#187;1&#8243; custom_padding_last_edited=&#187;on|phone&#187; _builder_version=&#187;4.27.4&#8243; _module_preset=&#187;default&#187; background_color=&#187;#f5f0e9&#8243; custom_padding_tablet=&#187;&#187; custom_padding_phone=&#187;||0px||false|false&#187; global_colors_info=&#187;{}&#187;][et_pb_row _builder_version=&#187;4.27.4&#8243; _module_preset=&#187;default&#187; global_colors_info=&#187;{}&#187;][et_pb_column type=&#187;4_4&#8243; _builder_version=&#187;4.27.4&#8243; _module_preset=&#187;default&#187; global_colors_info=&#187;{}&#187;][et_pb_text _builder_version=&#187;4.27.4&#8243; _module_preset=&#187;default&#187; text_text_color=&#187;#3b1806&#8243; text_font_size=&#187;18px&#187; text_line_height=&#187;1.4em&#187; header_2_font=&#187;|600|||||||&#187; header_2_text_color=&#187;#3b1806&#8243; header_2_font_size=&#187;32px&#187; header_2_line_height=&#187;1.2em&#187; text_orientation=&#187;center&#187; custom_padding=&#187;0px||||false|false&#187; global_colors_info=&#187;{}&#187;]<\/p>\n<h2>Bequem buchen und entspannen<\/h2>\n<p>Planen Sie Ihren Aufenthalt bei uns \u2013 direkt, unkompliziert und ganz nach Ihren W\u00fcnschen. W\u00e4hlen Sie Ihre Ferienwohnung, pr\u00fcfen Sie die Verf\u00fcgbarkeit und sichern Sie sich Ihre Wunschtermine bequem \u00fcber unser Online-Buchungstool. So starten Sie garantiert entspannt in Ihre Ferien in Saas-Fee.<\/p>\n<p>&nbsp;<\/p>\n<p>[\/et_pb_text][\/et_pb_column][\/et_pb_row][\/et_pb_section][et_pb_section fb_built=&#187;1&#8243; _builder_version=&#187;4.27.4&#8243; _module_preset=&#187;default&#187; global_colors_info=&#187;{}&#187;][et_pb_row _builder_version=&#187;4.27.4&#8243; _module_preset=&#187;default&#187; global_colors_info=&#187;{}&#187;][et_pb_column type=&#187;4_4&#8243; _builder_version=&#187;4.27.4&#8243; _module_preset=&#187;default&#187; global_colors_info=&#187;{}&#187;][et_pb_code _builder_version=&#187;4.27.4&#8243; _module_preset=&#187;default&#187; global_colors_info=&#187;{}&#187;] <\/p>\n<div id=\"ebFrontEndFrame\"><\/div>\n<p><!-- [et_pb_line_break_holder] --> <script src=\"\/\/www.easy-booking.at\/bookingengine2\/js\/jquery.easybooking.frontend.js\"><\/script><!-- [et_pb_line_break_holder] --> <script><!-- [et_pb_line_break_holder] --> \tfunction ebFrontendLoadedCheck() {<!-- [et_pb_line_break_holder] --> \t\tif (typeof jQuery != \"undefined\") {<!-- [et_pb_line_break_holder] --> \t\t\tif (jQuery.fn.ebFrontEnd) {<!-- [et_pb_line_break_holder] --> \t\t\t\tjQuery(\"#ebFrontEndFrame\").ebFrontEnd({<!-- [et_pb_line_break_holder] --> \t\t\t\t\tcustomerId: 1975,<!-- [et_pb_line_break_holder] --> \t\t\t\t\tserialNo: \"9038-2364-9108\",<!-- [et_pb_line_break_holder] --> \t\t\t\t\tlocaleId: 2,<!-- [et_pb_line_break_holder] --> \t\t\t\t\tframeId: \"ebFrontEndPlugin\",<!-- [et_pb_line_break_holder] --> \t\t\t\t\tscrollOffset: 0,<!-- [et_pb_line_break_holder] --> \t\t\t\t\tadultOnly: false,<!-- [et_pb_line_break_holder] --> \t\t\t\t\tgtmDL: \"dataLayer\",<!-- [et_pb_line_break_holder] --> \t\t\t\t\thideFilters: \"on\",<!-- [et_pb_line_break_holder] --> \t\t\t\t\tdisableScroll: true,<!-- [et_pb_line_break_holder] --> \t\t\t\t\tsource: \"\",<!-- [et_pb_line_break_holder] --> \t\t\t\t\tcollapsedExtras: false<!-- [et_pb_line_break_holder] --> \t\t\t\t});<!-- [et_pb_line_break_holder] --> \t\t\t} else {<!-- [et_pb_line_break_holder] --> \t\t\t\tsetTimeout(ebFrontendLoadedCheck, 200);<!-- [et_pb_line_break_holder] --> \t\t\t}<!-- [et_pb_line_break_holder] --> \t\t} else {<!-- [et_pb_line_break_holder] --> \t\t\tsetTimeout(ebFrontendLoadedCheck, 200);<!-- [et_pb_line_break_holder] --> \t\t}<!-- [et_pb_line_break_holder] --> \t}<!-- [et_pb_line_break_holder] --> \tebFrontendLoadedCheck();<!-- [et_pb_line_break_holder] --> <\/script> [\/et_pb_code][\/et_pb_column][\/et_pb_row][\/et_pb_section][et_pb_section fb_built=&#187;1&#8243; _builder_version=&#187;4.27.4&#8243; _module_preset=&#187;default&#187; background_color=&#187;#F5F0E9&#8243; global_colors_info=&#187;{}&#187;][et_pb_row _builder_version=&#187;4.27.4&#8243; _module_preset=&#187;default&#187; global_colors_info=&#187;{}&#187;][et_pb_column type=&#187;4_4&#8243; _builder_version=&#187;4.27.4&#8243; _module_preset=&#187;default&#187; global_colors_info=&#187;{}&#187;][\/et_pb_column][\/et_pb_row][\/et_pb_section]<\/p>\n","protected":false},"excerpt":{"rendered":"<p>Ihre Ferienwohnung in Saas-Fee buchenBequem buchen und entspannen Planen Sie Ihren Aufenthalt bei uns \u2013 direkt, unkompliziert und ganz nach Ihren W\u00fcnschen. W\u00e4hlen Sie Ihre Ferienwohnung, pr\u00fcfen Sie die Verf\u00fcgbarkeit und sichern Sie sich Ihre Wunschtermine bequem \u00fcber unser Online-Buchungstool. So starten Sie garantiert entspannt in Ihre Ferien in Saas-Fee. &nbsp;<\/p>","protected":false},"author":1,"featured_media":0,"parent":0,"menu_order":0,"comment_status":"closed","ping_status":"closed","template":"","meta":{"_et_pb_use_builder":"on","_et_pb_old_content":"","_et_gb_content_width":"","inline_featured_image":false,"footnotes":""},"class_list":["post-434","page","type-page","status-publish","hentry"],"_links":{"self":[{"href":"https:\/\/www.alpenfirn.ch\/en\/wp-json\/wp\/v2\/pages\/434","targetHints":{"allow":["GET"]}}],"collection":[{"href":"https:\/\/www.alpenfirn.ch\/en\/wp-json\/wp\/v2\/pages"}],"about":[{"href":"https:\/\/www.alpenfirn.ch\/en\/wp-json\/wp\/v2\/types\/page"}],"author":[{"embeddable":true,"href":"https:\/\/www.alpenfirn.ch\/en\/wp-json\/wp\/v2\/users\/1"}],"replies":[{"embeddable":true,"href":"https:\/\/www.alpenfirn.ch\/en\/wp-json\/wp\/v2\/comments?post=434"}],"version-history":[{"count":4,"href":"https:\/\/www.alpenfirn.ch\/en\/wp-json\/wp\/v2\/pages\/434\/revisions"}],"predecessor-version":[{"id":594,"href":"https:\/\/www.alpenfirn.ch\/en\/wp-json\/wp\/v2\/pages\/434\/revisions\/594"}],"wp:attachment":[{"href":"https:\/\/www.alpenfirn.ch\/en\/wp-json\/wp\/v2\/media?parent=434"}],"curies":[{"name":"wp","href":"https:\/\/api.w.org\/{rel}","templated":true}]}}