{"id":443,"date":"2025-10-09T13:20:07","date_gmt":"2025-10-09T11:20:07","guid":{"rendered":"https:\/\/www.alpenfirn.ch.copernicus.sui-inter.net\/?page_id=443"},"modified":"2026-01-15T14:01:23","modified_gmt":"2026-01-15T13:01:23","slug":"hausordnung-alpenfirn","status":"publish","type":"page","link":"https:\/\/www.alpenfirn.ch\/en\/hausordnung-alpenfirn\/","title":{"rendered":"Hausordnung &#8211; Alpenfirn"},"content":{"rendered":"<p>[et_pb_section fb_built=&#187;1&#8243; _builder_version=&#187;4.27.5&#8243; _module_preset=&#187;default&#187; background_image=&#187;https:\/\/www.alpenfirn.ch\/wp-content\/uploads\/2025\/10\/haus-alpenfirn-aussen-winternacht.webp&#187; background_position=&#187;top_center&#187; background_vertical_offset=&#187;39%&#187; height=&#187;35vh&#187; height_tablet=&#187;60vh&#187; height_phone=&#187;50vh&#187; height_last_edited=&#187;on|phone&#187; border_width_bottom=&#187;8px&#187; border_color_bottom=&#187;#FFFFFF&#187; global_colors_info=&#187;{}&#187;][et_pb_row _builder_version=&#187;4.27.4&#8243; _module_preset=&#187;default&#187; min_height=&#187;100%&#187; custom_margin=&#187;||||false|false&#187; custom_css_main_element=&#187;display:flex;||justify-content:center;||align-items:center;&#187; global_colors_info=&#187;{}&#187;][et_pb_column type=&#187;4_4&#8243; _builder_version=&#187;4.27.4&#8243; _module_preset=&#187;default&#187; global_colors_info=&#187;{}&#187;][et_pb_text _builder_version=&#187;4.27.4&#8243; _module_preset=&#187;default&#187; text_font=&#187;|600|||||||&#187; text_text_color=&#187;#FFFFFF&#187; text_font_size=&#187;60px&#187; text_line_height=&#187;1.1em&#187; text_orientation=&#187;center&#187; custom_margin=&#187;||0px||false|false&#187; custom_padding=&#187;||0px||false|false&#187; text_font_size_tablet=&#187;60px&#187; text_font_size_phone=&#187;45px&#187; text_font_size_last_edited=&#187;on|phone&#187; text_text_shadow_style=&#187;preset1&#8243; text_text_shadow_horizontal_length=&#187;0.04em&#187; text_text_shadow_vertical_length=&#187;0.06em&#187; text_text_shadow_blur_strength=&#187;0.07em&#187; global_colors_info=&#187;{}&#187;]<\/p>\n<p>Ferienwohnung Alpenfirn<\/p>\n<p>[\/et_pb_text][et_pb_text _builder_version=&#187;4.27.4&#8243; _module_preset=&#187;default&#187; text_font=&#187;|600|||||||&#187; text_text_color=&#187;#FFFFFF&#187; text_font_size=&#187;42px&#187; text_line_height=&#187;1.1em&#187; text_orientation=&#187;center&#187; custom_margin=&#187;10px||||false|false&#187; custom_padding=&#187;10px||||false|false&#187; text_font_size_tablet=&#187;42px&#187; text_font_size_phone=&#187;25px&#187; text_font_size_last_edited=&#187;on|phone&#187; text_text_shadow_style=&#187;preset1&#8243; text_text_shadow_horizontal_length=&#187;0.04em&#187; text_text_shadow_vertical_length=&#187;0.06em&#187; text_text_shadow_blur_strength=&#187;0.07em&#187; global_colors_info=&#187;{}&#187;]<\/p>\n<p>Hausordnung<\/p>\n<p>[\/et_pb_text][\/et_pb_column][\/et_pb_row][\/et_pb_section][et_pb_section fb_built=&#187;1&#8243; custom_padding_last_edited=&#187;on|phone&#187; _builder_version=&#187;4.27.4&#8243; _module_preset=&#187;default&#187; background_color=&#187;#f5f0e9&#8243; custom_padding=&#187;||4em||false|false&#187; custom_padding_tablet=&#187;&#187; custom_padding_phone=&#187;||0px||false|false&#187; global_colors_info=&#187;{}&#187;][et_pb_row _builder_version=&#187;4.27.4&#8243; _module_preset=&#187;default&#187; global_colors_info=&#187;{}&#187;][et_pb_column type=&#187;4_4&#8243; _builder_version=&#187;4.27.4&#8243; _module_preset=&#187;default&#187; global_colors_info=&#187;{}&#187;][et_pb_text _builder_version=&#187;4.27.4&#8243; _module_preset=&#187;default&#187; text_text_color=&#187;#3b1806&#8243; text_font_size=&#187;18px&#187; text_line_height=&#187;1.4em&#187; header_2_font=&#187;|600|||||||&#187; header_2_text_color=&#187;#3b1806&#8243; header_2_font_size=&#187;32px&#187; header_2_line_height=&#187;1.2em&#187; text_orientation=&#187;center&#187; custom_padding=&#187;0px||||false|false&#187; global_colors_info=&#187;{}&#187;]<\/p>\n<h2>Damit sich alle G\u00e4ste wohlf\u00fchlen<\/h2>\n<p>[\/et_pb_text][\/et_pb_column][\/et_pb_row][et_pb_row _builder_version=&#187;4.27.4&#8243; _module_preset=&#187;default&#187; global_colors_info=&#187;{}&#187;][et_pb_column type=&#187;4_4&#8243; _builder_version=&#187;4.27.4&#8243; _module_preset=&#187;default&#187; global_colors_info=&#187;{}&#187;][et_pb_text ol_position=&#187;outside&#187; ol_item_indent=&#187;1px&#187; _builder_version=&#187;4.27.4&#8243; _module_preset=&#187;default&#187; text_text_color=&#187;#3b1806&#8243; text_font_size=&#187;18px&#187; text_line_height=&#187;1.5em&#187; ol_text_align=&#187;left&#187; ol_line_height=&#187;1.5em&#187; header_2_font=&#187;|600|||||||&#187; header_2_text_color=&#187;#3b1806&#8243; header_2_font_size=&#187;32px&#187; header_2_line_height=&#187;1.2em&#187; text_orientation=&#187;center&#187; custom_padding=&#187;0px||||false|false&#187; global_colors_info=&#187;{}&#187;]<\/p>\n<p>Damit Ihr Aufenthalt angenehm und entspannt verl\u00e4uft, haben wir ein paar einfache Regeln zusammengestellt. Sie helfen, dass alle G\u00e4ste unsere Ferienwohnungen und die Umgebung respektvoll nutzen k\u00f6nnen \u2013 so bleibt der Urlaub f\u00fcr Gross und Klein rundum sch\u00f6n.<\/p>\n<p>[\/et_pb_text][et_pb_text ol_position=&#187;outside&#187; ol_item_indent=&#187;1px&#187; _builder_version=&#187;4.27.4&#8243; _module_preset=&#187;default&#187; text_text_color=&#187;#3b1806&#8243; text_font_size=&#187;18px&#187; text_line_height=&#187;1.5em&#187; ol_text_align=&#187;left&#187; ol_line_height=&#187;1.5em&#187; header_2_font=&#187;|600|||||||&#187; header_2_text_color=&#187;#3b1806&#8243; header_2_font_size=&#187;32px&#187; header_2_line_height=&#187;1.2em&#187; custom_padding=&#187;0px||||false|false&#187; global_colors_info=&#187;{}&#187;]<\/p>\n<p><strong>Hausregeln &#8211; Ferienhaus Alpenfirn<\/strong><\/p>\n<p><strong>1.<\/strong> Es ist untersagt mit groben Schuhen (Ski-, Snowboard-, und Wanderschuhen) in den Wohnungen umherzugehen. Diese sind zusammen mit den Skiger\u00e4ten in dem daf\u00fcr vorgesehenen Raum im Erdgeschoss zu deponieren. Nach M\u00f6glichkeit sollen in den Ferienwohnungen Hausschuhe getragen werden.<\/p>\n<p><strong>2.<\/strong> Nach 21.30 Uhr m\u00f6chten wir Sie bitten aus R\u00fccksicht zu den anderen G\u00e4sten:<\/p>\n<ul>\n<li>nicht zu musizieren oder zu l\u00e4rmen<\/li>\n<li>kein Badewasser einzulassen<\/li>\n<li>das Fernsehger\u00e4t oder den Radio nicht mehr als Zimmerlautst\u00e4rke einzustellen<\/li>\n<\/ul>\n<p><strong>3.<\/strong> Besch\u00e4digtes oder fehlendes Inventar ist dem Besitzer zu melden. Dieses ist nicht in natura, sondern in BAR dem Vermieter zu ersetzen.<\/p>\n<p><strong>4.<\/strong> Der Mieter wird gebeten :<\/p>\n<ul>\n<li>das Rauchen in der Wohnung zu unterlassen.<\/li>\n<li>das Geschirr sauber zu hinterlassen.<\/li>\n<li>die Betten am Morgen der Abreise abzuziehen.<\/li>\n<li>keinen Kehrricht in der Wohnung zu hinterlassen. (Siehe \u201eRecycling\u201c)<\/li>\n<\/ul>\n<p><strong>5.<\/strong> Im Interesse unserer Umwelt trennen wir den Abfall. Die daf\u00fcr entsprechend beschrifteten Kunststoffbeh\u00e4lter stehen im Erdgeschoss im Ski- und Schuhraum. Bitte beachten sie, welcher Abfall im ordentlichen Kehrricht entsorgt werden muss! In Saas-Fee gilt das System der \u201eKehrrichtsackgeb\u00fchren\u201c. Ein Sack wird vom Vermieter zur Verf\u00fcgung gestellt. Weitere S\u00e4cke beim Vermieter zum Preis von CHF 2.60 \/ Sack bezogen werden. Volle Kehrrichts\u00e4cke sind im Kehrrichth\u00e4uschen unten an der Strasse zu deponieren.<\/p>\n<p><strong>6.<\/strong> Die Endabrechnung hat der Mieter in bar zu begleichen. Der Mieter wird gebeten, sich sp\u00e4testens 2 Tage vor Abreise beim Vermieter zur Regelung der Schlussabrechnung zu melden.<\/p>\n<p><strong>7.<\/strong> Am Abreisetag ist die Wohnung sp\u00e4testens um 09.00 Uhr freizugeben.<\/p>\n<p>[\/et_pb_text][\/et_pb_column][\/et_pb_row][et_pb_row column_structure=&#187;1_2,1_2&#8243; _builder_version=&#187;4.27.4&#8243; _module_preset=&#187;default&#187; global_colors_info=&#187;{}&#187;][et_pb_column type=&#187;1_2&#8243; _builder_version=&#187;4.27.4&#8243; _module_preset=&#187;default&#187; global_colors_info=&#187;{}&#187;][et_pb_button button_url=&#187;@ET-DC@eyJkeW5hbWljIjp0cnVlLCJjb250ZW50IjoicG9zdF9saW5rX3VybF9hdHRhY2htZW50Iiwic2V0dGluZ3MiOnsicG9zdF9pZCI6IjI0NSJ9fQ==@&#187; url_new_window=&#187;on&#187; button_text=&#187;Download Mietbedingungen&#187; button_alignment=&#187;left&#187; _builder_version=&#187;4.27.4&#8243; _dynamic_attributes=&#187;button_url&#187; _module_preset=&#187;default&#187; custom_button=&#187;on&#187; button_text_size=&#187;16px&#187; button_text_color=&#187;#3b1806&#8243; button_bg_color=&#187;#f5f0e9&#8243; button_border_color=&#187;#3b1806&#8243; button_border_radius=&#187;8px&#187; button_icon=&#187;&#xf1c1;||fa||400&#8243; button_icon_placement=&#187;left&#187; button_on_hover=&#187;off&#187; custom_padding=&#187;3px||3px||true|false&#187; button_icon_last_edited=&#187;off|desktop&#187; global_colors_info=&#187;{}&#187; button_bg_color__hover_enabled=&#187;on|desktop&#187; button_text_color__hover=&#187;#FFFFFF&#187; button_text_color__hover_enabled=&#187;on|hover&#187; button_bg_color__hover=&#187;#c10c19&#8243; button_bg_enable_color__hover=&#187;on&#187; button_border_color__hover_enabled=&#187;on|desktop&#187; button_border_color__hover=&#187;#c10c19&#8243;][\/et_pb_button][\/et_pb_column][et_pb_column type=&#187;1_2&#8243; _builder_version=&#187;4.27.4&#8243; _module_preset=&#187;default&#187; global_colors_info=&#187;{}&#187;][et_pb_button button_url=&#187;@ET-DC@eyJkeW5hbWljIjp0cnVlLCJjb250ZW50IjoicG9zdF9saW5rX3VybF9hdHRhY2htZW50Iiwic2V0dGluZ3MiOnsicG9zdF9pZCI6IjI0NCJ9fQ==@&#187; button_text=&#187;Wohnungs\u00fcbergabe und Abreise&#187; button_alignment=&#187;left&#187; _builder_version=&#187;4.27.5&#8243; _dynamic_attributes=&#187;button_url&#187; _module_preset=&#187;default&#187; custom_button=&#187;on&#187; button_text_size=&#187;16px&#187; button_text_color=&#187;#3b1806&#8243; button_bg_color=&#187;#f5f0e9&#8243; button_border_color=&#187;#3b1806&#8243; button_border_radius=&#187;8px&#187; button_icon=&#187;&#xf1c1;||fa||400&#8243; button_icon_placement=&#187;left&#187; button_on_hover=&#187;off&#187; custom_padding=&#187;3px||3px||true|false&#187; hover_enabled=&#187;0&#8243; button_icon_last_edited=&#187;off|desktop&#187; global_colors_info=&#187;{}&#187; button_bg_color__hover_enabled=&#187;on|desktop&#187; button_text_color__hover=&#187;#FFFFFF&#187; button_text_color__hover_enabled=&#187;on|hover&#187; button_bg_color__hover=&#187;#c10c19&#8243; button_bg_enable_color__hover=&#187;on&#187; button_border_color__hover_enabled=&#187;on|desktop&#187; button_border_color__hover=&#187;#c10c19&#8243; url_new_window=&#187;on&#187; sticky_enabled=&#187;0&#8243;][\/et_pb_button][\/et_pb_column][\/et_pb_row][\/et_pb_section]<\/p>\n","protected":false},"excerpt":{"rendered":"<p>Ferienwohnung AlpenfirnHausordnungDamit sich alle G\u00e4ste wohlf\u00fchlenDamit Ihr Aufenthalt angenehm und entspannt verl\u00e4uft, haben wir ein paar einfache Regeln zusammengestellt. Sie helfen, dass alle G\u00e4ste unsere Ferienwohnungen und die Umgebung respektvoll nutzen k\u00f6nnen \u2013 so bleibt der Urlaub f\u00fcr Gross und Klein rundum sch\u00f6n.Hausregeln &#8211; Ferienhaus Alpenfirn 1. Es ist untersagt mit groben Schuhen (Ski-, Snowboard-, [&hellip;]<\/p>\n","protected":false},"author":1,"featured_media":0,"parent":0,"menu_order":0,"comment_status":"closed","ping_status":"closed","template":"","meta":{"_et_pb_use_builder":"on","_et_pb_old_content":"","_et_gb_content_width":"","inline_featured_image":false,"footnotes":""},"class_list":["post-443","page","type-page","status-publish","hentry"],"_links":{"self":[{"href":"https:\/\/www.alpenfirn.ch\/en\/wp-json\/wp\/v2\/pages\/443","targetHints":{"allow":["GET"]}}],"collection":[{"href":"https:\/\/www.alpenfirn.ch\/en\/wp-json\/wp\/v2\/pages"}],"about":[{"href":"https:\/\/www.alpenfirn.ch\/en\/wp-json\/wp\/v2\/types\/page"}],"author":[{"embeddable":true,"href":"https:\/\/www.alpenfirn.ch\/en\/wp-json\/wp\/v2\/users\/1"}],"replies":[{"embeddable":true,"href":"https:\/\/www.alpenfirn.ch\/en\/wp-json\/wp\/v2\/comments?post=443"}],"version-history":[{"count":5,"href":"https:\/\/www.alpenfirn.ch\/en\/wp-json\/wp\/v2\/pages\/443\/revisions"}],"predecessor-version":[{"id":664,"href":"https:\/\/www.alpenfirn.ch\/en\/wp-json\/wp\/v2\/pages\/443\/revisions\/664"}],"wp:attachment":[{"href":"https:\/\/www.alpenfirn.ch\/en\/wp-json\/wp\/v2\/media?parent=443"}],"curies":[{"name":"wp","href":"https:\/\/api.w.org\/{rel}","templated":true}]}}